{"id":101,"date":"2020-08-07T13:30:26","date_gmt":"2020-08-07T13:30:26","guid":{"rendered":"https:\/\/staging.primuselectronic.de\/?page_id=101"},"modified":"2020-08-07T15:16:16","modified_gmt":"2020-08-07T15:16:16","slug":"elementor-101","status":"publish","type":"page","link":"https:\/\/www.primuselectronic.de\/index.php\/elementor-101\/","title":{"rendered":"Referenzen"},"content":{"rendered":"\t\t<div data-elementor-type=\"wp-page\" data-elementor-id=\"101\" class=\"elementor elementor-101\">\n\t\t\t\t\t\t<section class=\"elementor-section elementor-top-section elementor-element elementor-element-750c6278 elementor-section-boxed elementor-section-height-default elementor-section-height-default\" data-id=\"750c6278\" data-element_type=\"section\" data-e-type=\"section\">\n\t\t\t\t\t\t<div class=\"elementor-container elementor-column-gap-default\">\n\t\t\t\t\t<div class=\"elementor-column elementor-col-100 elementor-top-column elementor-element elementor-element-41d86405\" data-id=\"41d86405\" data-element_type=\"column\" data-e-type=\"column\">\n\t\t\t<div class=\"elementor-widget-wrap elementor-element-populated\">\n\t\t\t\t\t\t<div class=\"elementor-element elementor-element-cbe5285 elementor-widget elementor-widget-text-editor\" data-id=\"cbe5285\" data-element_type=\"widget\" data-e-type=\"widget\" data-widget_type=\"text-editor.default\">\n\t\t\t\t<div class=\"elementor-widget-container\">\n\t\t\t\t\t\t\t\t\t<p><strong><span style=\"font-size: 18px;\">Referenzen<\/span><\/strong><\/p>\n<p>Unsere Testsysteme haben bereits seit geraumer Zeit ihre Zuverl\u00e4ssigkeit im harten Feldeinsatz bewiesen.<\/p>\t\t\t\t\t\t\t\t<\/div>\n\t\t\t\t<\/div>\n\t\t\t\t<div class=\"elementor-element elementor-element-6dba868 elementor-widget elementor-widget-text-editor\" data-id=\"6dba868\" data-element_type=\"widget\" data-e-type=\"widget\" data-widget_type=\"text-editor.default\">\n\t\t\t\t<div class=\"elementor-widget-container\">\n\t\t\t\t\t\t\t\t\t<p><strong><span>Einsatzbeispiele<\/span><\/strong><\/p>\n<p>Seit Ende 2010 befindet sich ein Testsystem mit 20 Stromsenken CS960 (entspricht 320 Kan\u00e4len) bei Fa. Siemens AG in Chemnitz im durchgehenden Dauereinsatz. Das Testsystem wird zum Burn-in-Test von kundenspezifischen Stromversorgungen benutzt. Trotz der Dauer-Beanspruchung l\u00e4uft das System ohne jegliche Ausf\u00e4lle zur vollen Zufriedenheit des Kunden. Die mechanische Integration des Systems zusammen mit einem Klimaschrank f\u00fcr die Klimatisierung der Pr\u00fcflinge wurde durch Siemens selbst durchgef\u00fchrt.<\/p>\n<p>Die Entscheidung f\u00fcr unser System fiel unter anderem aufgrund der \u00e4u\u00dferst kompakten Bauweise, da die Platzverh\u00e4ltnisse eine Integration herk\u00f6mmlicher elektronischer Lasten nicht zulie\u00dfen. Die Erweiterung des Systems auf die doppelte Kapazit\u00e4t ist bereits\u00a0im Gang und wird in K\u00fcrze\u00a0abgeschlossen.<\/p>\n<p>Bei der Fa. Gebr. Frei GmbH &amp; Co.\u00a0ist ein Testschrank TS08 seit Dezember 2010 f\u00fcr den Burn-in-Test von DC-Stromversorgungen im Einsatz. In Zusammenarbeit mit dem Kunden wurde die PC-Software kontinuierlich in ihrer Funktionalit\u00e4t erweitert.<\/p>\n<p>Die Firma EDAG GmbH &amp; Co. KGaA setzt unsere Testsysteme TS04 f\u00fcr Qualifikationstests und Dauertests von Sicherungsbaugruppen f\u00fcr die Automobilindustrie ein. Diese Tests wurden bisher mit Lampenlasten durchgef\u00fchrt, die eine gro\u00dfe W\u00e4rmeentwicklung erzeugten.<\/p>\t\t\t\t\t\t\t\t<\/div>\n\t\t\t\t<\/div>\n\t\t\t\t\t<\/div>\n\t\t<\/div>\n\t\t\t\t\t<\/div>\n\t\t<\/section>\n\t\t\t\t<\/div>\n\t\t","protected":false},"excerpt":{"rendered":"<p>Referenzen Unsere Testsysteme haben bereits seit geraumer Zeit ihre Zuverl\u00e4ssigkeit im harten Feldeinsatz bewiesen. Einsatzbeispiele Seit Ende 2010 befindet sich ein Testsystem mit 20 Stromsenken CS960 (entspricht 320 Kan\u00e4len) bei Fa. Siemens AG in Chemnitz im durchgehenden Dauereinsatz. Das Testsystem wird zum Burn-in-Test von kundenspezifischen Stromversorgungen benutzt. Trotz der Dauer-Beanspruchung [&hellip;]<\/p>\n","protected":false},"author":2,"featured_media":0,"parent":0,"menu_order":0,"comment_status":"closed","ping_status":"closed","template":"","meta":{"footnotes":""},"class_list":["post-101","page","type-page","status-publish","hentry"],"yoast_head":"<!-- This site is optimized with the Yoast SEO plugin v27.5 - https:\/\/yoast.com\/product\/yoast-seo-wordpress\/ -->\n<title>Referenzen - Primus Electronic Systems<\/title>\n<meta name=\"robots\" content=\"index, follow, max-snippet:-1, max-image-preview:large, max-video-preview:-1\" \/>\n<link rel=\"canonical\" href=\"https:\/\/www.primuselectronic.de\/index.php\/elementor-101\/\" \/>\n<meta property=\"og:locale\" content=\"de_DE\" \/>\n<meta property=\"og:type\" content=\"article\" \/>\n<meta property=\"og:title\" content=\"Referenzen - Primus Electronic Systems\" \/>\n<meta property=\"og:description\" content=\"Referenzen Unsere Testsysteme haben bereits seit geraumer Zeit ihre Zuverl\u00e4ssigkeit im harten Feldeinsatz bewiesen. Einsatzbeispiele Seit Ende 2010 befindet sich ein Testsystem mit 20 Stromsenken CS960 (entspricht 320 Kan\u00e4len) bei Fa. Siemens AG in Chemnitz im durchgehenden Dauereinsatz. Das Testsystem wird zum Burn-in-Test von kundenspezifischen Stromversorgungen benutzt. Trotz der Dauer-Beanspruchung [&hellip;]\" \/>\n<meta property=\"og:url\" content=\"https:\/\/www.primuselectronic.de\/index.php\/elementor-101\/\" \/>\n<meta property=\"og:site_name\" content=\"Primus Electronic Systems\" \/>\n<meta property=\"article:modified_time\" content=\"2020-08-07T15:16:16+00:00\" \/>\n<meta name=\"twitter:card\" content=\"summary_large_image\" \/>\n<meta name=\"twitter:label1\" content=\"Gesch\u00e4tzte Lesezeit\" \/>\n\t<meta name=\"twitter:data1\" content=\"1\u00a0Minute\" \/>\n<script type=\"application\/ld+json\" class=\"yoast-schema-graph\">{\"@context\":\"https:\\\/\\\/schema.org\",\"@graph\":[{\"@type\":\"WebPage\",\"@id\":\"https:\\\/\\\/www.primuselectronic.de\\\/index.php\\\/elementor-101\\\/\",\"url\":\"https:\\\/\\\/www.primuselectronic.de\\\/index.php\\\/elementor-101\\\/\",\"name\":\"Referenzen - Primus Electronic Systems\",\"isPartOf\":{\"@id\":\"https:\\\/\\\/www.primuselectronic.de\\\/#website\"},\"datePublished\":\"2020-08-07T13:30:26+00:00\",\"dateModified\":\"2020-08-07T15:16:16+00:00\",\"breadcrumb\":{\"@id\":\"https:\\\/\\\/www.primuselectronic.de\\\/index.php\\\/elementor-101\\\/#breadcrumb\"},\"inLanguage\":\"de\",\"potentialAction\":[{\"@type\":\"ReadAction\",\"target\":[\"https:\\\/\\\/www.primuselectronic.de\\\/index.php\\\/elementor-101\\\/\"]}]},{\"@type\":\"BreadcrumbList\",\"@id\":\"https:\\\/\\\/www.primuselectronic.de\\\/index.php\\\/elementor-101\\\/#breadcrumb\",\"itemListElement\":[{\"@type\":\"ListItem\",\"position\":1,\"name\":\"Home\",\"item\":\"https:\\\/\\\/www.primuselectronic.de\\\/\"},{\"@type\":\"ListItem\",\"position\":2,\"name\":\"Referenzen\"}]},{\"@type\":\"WebSite\",\"@id\":\"https:\\\/\\\/www.primuselectronic.de\\\/#website\",\"url\":\"https:\\\/\\\/www.primuselectronic.de\\\/\",\"name\":\"Primus Electronic Systems\",\"description\":\"R\u00fcckspeisef\u00e4hige elektronische Lasten\",\"publisher\":{\"@id\":\"https:\\\/\\\/www.primuselectronic.de\\\/#organization\"},\"potentialAction\":[{\"@type\":\"SearchAction\",\"target\":{\"@type\":\"EntryPoint\",\"urlTemplate\":\"https:\\\/\\\/www.primuselectronic.de\\\/?s={search_term_string}\"},\"query-input\":{\"@type\":\"PropertyValueSpecification\",\"valueRequired\":true,\"valueName\":\"search_term_string\"}}],\"inLanguage\":\"de\"},{\"@type\":\"Organization\",\"@id\":\"https:\\\/\\\/www.primuselectronic.de\\\/#organization\",\"name\":\"Primus Electronic Systems\",\"url\":\"https:\\\/\\\/www.primuselectronic.de\\\/\",\"logo\":{\"@type\":\"ImageObject\",\"inLanguage\":\"de\",\"@id\":\"https:\\\/\\\/www.primuselectronic.de\\\/#\\\/schema\\\/logo\\\/image\\\/\",\"url\":\"https:\\\/\\\/www.primuselectronic.de\\\/wp-content\\\/uploads\\\/2020\\\/07\\\/primuslogo.png\",\"contentUrl\":\"https:\\\/\\\/www.primuselectronic.de\\\/wp-content\\\/uploads\\\/2020\\\/07\\\/primuslogo.png\",\"width\":150,\"height\":63,\"caption\":\"Primus Electronic Systems\"},\"image\":{\"@id\":\"https:\\\/\\\/www.primuselectronic.de\\\/#\\\/schema\\\/logo\\\/image\\\/\"}}]}<\/script>\n<!-- \/ Yoast SEO plugin. -->","yoast_head_json":{"title":"Referenzen - Primus Electronic Systems","robots":{"index":"index","follow":"follow","max-snippet":"max-snippet:-1","max-image-preview":"max-image-preview:large","max-video-preview":"max-video-preview:-1"},"canonical":"https:\/\/www.primuselectronic.de\/index.php\/elementor-101\/","og_locale":"de_DE","og_type":"article","og_title":"Referenzen - Primus Electronic Systems","og_description":"Referenzen Unsere Testsysteme haben bereits seit geraumer Zeit ihre Zuverl\u00e4ssigkeit im harten Feldeinsatz bewiesen. Einsatzbeispiele Seit Ende 2010 befindet sich ein Testsystem mit 20 Stromsenken CS960 (entspricht 320 Kan\u00e4len) bei Fa. Siemens AG in Chemnitz im durchgehenden Dauereinsatz. Das Testsystem wird zum Burn-in-Test von kundenspezifischen Stromversorgungen benutzt. Trotz der Dauer-Beanspruchung [&hellip;]","og_url":"https:\/\/www.primuselectronic.de\/index.php\/elementor-101\/","og_site_name":"Primus Electronic Systems","article_modified_time":"2020-08-07T15:16:16+00:00","twitter_card":"summary_large_image","twitter_misc":{"Gesch\u00e4tzte Lesezeit":"1\u00a0Minute"},"schema":{"@context":"https:\/\/schema.org","@graph":[{"@type":"WebPage","@id":"https:\/\/www.primuselectronic.de\/index.php\/elementor-101\/","url":"https:\/\/www.primuselectronic.de\/index.php\/elementor-101\/","name":"Referenzen - Primus Electronic Systems","isPartOf":{"@id":"https:\/\/www.primuselectronic.de\/#website"},"datePublished":"2020-08-07T13:30:26+00:00","dateModified":"2020-08-07T15:16:16+00:00","breadcrumb":{"@id":"https:\/\/www.primuselectronic.de\/index.php\/elementor-101\/#breadcrumb"},"inLanguage":"de","potentialAction":[{"@type":"ReadAction","target":["https:\/\/www.primuselectronic.de\/index.php\/elementor-101\/"]}]},{"@type":"BreadcrumbList","@id":"https:\/\/www.primuselectronic.de\/index.php\/elementor-101\/#breadcrumb","itemListElement":[{"@type":"ListItem","position":1,"name":"Home","item":"https:\/\/www.primuselectronic.de\/"},{"@type":"ListItem","position":2,"name":"Referenzen"}]},{"@type":"WebSite","@id":"https:\/\/www.primuselectronic.de\/#website","url":"https:\/\/www.primuselectronic.de\/","name":"Primus Electronic Systems","description":"R\u00fcckspeisef\u00e4hige elektronische Lasten","publisher":{"@id":"https:\/\/www.primuselectronic.de\/#organization"},"potentialAction":[{"@type":"SearchAction","target":{"@type":"EntryPoint","urlTemplate":"https:\/\/www.primuselectronic.de\/?s={search_term_string}"},"query-input":{"@type":"PropertyValueSpecification","valueRequired":true,"valueName":"search_term_string"}}],"inLanguage":"de"},{"@type":"Organization","@id":"https:\/\/www.primuselectronic.de\/#organization","name":"Primus Electronic Systems","url":"https:\/\/www.primuselectronic.de\/","logo":{"@type":"ImageObject","inLanguage":"de","@id":"https:\/\/www.primuselectronic.de\/#\/schema\/logo\/image\/","url":"https:\/\/www.primuselectronic.de\/wp-content\/uploads\/2020\/07\/primuslogo.png","contentUrl":"https:\/\/www.primuselectronic.de\/wp-content\/uploads\/2020\/07\/primuslogo.png","width":150,"height":63,"caption":"Primus Electronic Systems"},"image":{"@id":"https:\/\/www.primuselectronic.de\/#\/schema\/logo\/image\/"}}]}},"_links":{"self":[{"href":"https:\/\/www.primuselectronic.de\/index.php\/wp-json\/wp\/v2\/pages\/101","targetHints":{"allow":["GET"]}}],"collection":[{"href":"https:\/\/www.primuselectronic.de\/index.php\/wp-json\/wp\/v2\/pages"}],"about":[{"href":"https:\/\/www.primuselectronic.de\/index.php\/wp-json\/wp\/v2\/types\/page"}],"author":[{"embeddable":true,"href":"https:\/\/www.primuselectronic.de\/index.php\/wp-json\/wp\/v2\/users\/2"}],"replies":[{"embeddable":true,"href":"https:\/\/www.primuselectronic.de\/index.php\/wp-json\/wp\/v2\/comments?post=101"}],"version-history":[{"count":4,"href":"https:\/\/www.primuselectronic.de\/index.php\/wp-json\/wp\/v2\/pages\/101\/revisions"}],"predecessor-version":[{"id":166,"href":"https:\/\/www.primuselectronic.de\/index.php\/wp-json\/wp\/v2\/pages\/101\/revisions\/166"}],"wp:attachment":[{"href":"https:\/\/www.primuselectronic.de\/index.php\/wp-json\/wp\/v2\/media?parent=101"}],"curies":[{"name":"wp","href":"https:\/\/api.w.org\/{rel}","templated":true}]}}