{"id":119,"date":"2020-08-07T13:42:44","date_gmt":"2020-08-07T13:42:44","guid":{"rendered":"https:\/\/staging.primuselectronic.de\/?page_id=119"},"modified":"2025-06-10T14:52:17","modified_gmt":"2025-06-10T14:52:17","slug":"impressum","status":"publish","type":"page","link":"https:\/\/www.primuselectronic.de\/index.php\/impressum\/","title":{"rendered":"Impressum"},"content":{"rendered":"\t\t<div data-elementor-type=\"wp-page\" data-elementor-id=\"119\" class=\"elementor elementor-119\">\n\t\t\t\t\t\t<section class=\"elementor-section elementor-top-section elementor-element elementor-element-5d23302 elementor-section-boxed elementor-section-height-default elementor-section-height-default\" data-id=\"5d23302\" data-element_type=\"section\" data-e-type=\"section\">\n\t\t\t\t\t\t<div class=\"elementor-container elementor-column-gap-default\">\n\t\t\t\t\t<div class=\"elementor-column elementor-col-100 elementor-top-column elementor-element elementor-element-3d862d5\" data-id=\"3d862d5\" data-element_type=\"column\" data-e-type=\"column\">\n\t\t\t<div class=\"elementor-widget-wrap elementor-element-populated\">\n\t\t\t\t\t\t<div class=\"elementor-element elementor-element-2ebfd2b elementor-widget elementor-widget-text-editor\" data-id=\"2ebfd2b\" data-element_type=\"widget\" data-e-type=\"widget\" data-widget_type=\"text-editor.default\">\n\t\t\t\t<div class=\"elementor-widget-container\">\n\t\t\t\t\t\t\t\t\t<p><strong>Impressum<\/strong><\/p><p>Primus electronic systems GmbH<\/p><p>Fraunhoferstr. 22<br \/>82152 Planegg<br \/>Tel.: 089 \/ 859028-22<br \/>Fax: 089 \/ 859028-23<br \/>Email: info[at]primus-electronic.com<\/p><p>Internet: www.primuselectronic.de<\/p><p>Amtsgericht M\u00fcnchen HRB165655<br \/>Sitz der Gesellschaft: 82152 Planegg<br \/>Gesch\u00e4ftsf\u00fchrer:<br \/>Dipl.-Ing. (TU) Hubert Kreis<br \/>Dipl.-Ing. (FH) Anton Wech<br \/>UST-ID Nr.: DE252001497<\/p><p>Haftungsausschlu\u00df:<\/p><p>Die Informationen und sonstigen Angaben auf dieser Website sind unverbindlich und unterliegen dem Vorbehalt der jederzeitigen \u00c4nderung. Deshalb ist jede Haftung f\u00fcr die Richtigkeit und Vollst\u00e4ndigkeit der Informationen ausgeschlossen.<br \/>Bei den Links zu externen Websites handelt es sich ausschlie\u00dflich um fremde Inhalte. Der Anbieter \u00fcbernimmt keine Haftung f\u00fcr den Inhalt dieser Seiten und distanziert sich hiermit ausdr\u00fccklich von allen Inhalten. Diese Erkl\u00e4rung gilt f\u00fcr alle auf unseren Internetseiten enthaltenen Links zu externen Websites und alle Inhalte, zu denen diese Links f\u00fchren.<\/p><p>Der gesamte Inhalt dieser Website ist urheberrechtlich gesch\u00fctzt. Seine Weitergabe, Ver\u00e4nderung, gewerbliche Nutzung oder Verwendung auf anderen Websites ist untersagt. Jede Vervielf\u00e4ltigung, \u00dcbermittlung oder Bearbeitung ist ohne schriftliche Zustimmung des Unternehmens untersagt. F\u00fcr gegebenenfalls bestehende oder k\u00fcnftig entstehende Rechtsverh\u00e4ltnisse ist ausschlie\u00dflich deutsches Recht anwendbar und sind nur deutsche Gerichte zust\u00e4ndig.<\/p>\t\t\t\t\t\t\t\t<\/div>\n\t\t\t\t<\/div>\n\t\t\t\t\t<\/div>\n\t\t<\/div>\n\t\t\t\t\t<\/div>\n\t\t<\/section>\n\t\t\t\t<\/div>\n\t\t","protected":false},"excerpt":{"rendered":"<p>Impressum Primus electronic systems GmbH Fraunhoferstr. 2282152 PlaneggTel.: 089 \/ 859028-22Fax: 089 \/ 859028-23Email: info[at]primus-electronic.com Internet: www.primuselectronic.de Amtsgericht M\u00fcnchen HRB165655Sitz der Gesellschaft: 82152 PlaneggGesch\u00e4ftsf\u00fchrer:Dipl.-Ing. (TU) Hubert KreisDipl.-Ing. (FH) Anton WechUST-ID Nr.: DE252001497 Haftungsausschlu\u00df: Die Informationen und sonstigen Angaben auf dieser Website sind unverbindlich und unterliegen dem Vorbehalt der jederzeitigen \u00c4nderung. [&hellip;]<\/p>\n","protected":false},"author":2,"featured_media":0,"parent":0,"menu_order":0,"comment_status":"closed","ping_status":"closed","template":"","meta":{"footnotes":""},"class_list":["post-119","page","type-page","status-publish","hentry"],"yoast_head":"<!-- This site is optimized with the Yoast SEO plugin v27.5 - https:\/\/yoast.com\/product\/yoast-seo-wordpress\/ -->\n<title>Impressum - Primus Electronic Systems<\/title>\n<meta name=\"robots\" content=\"index, follow, max-snippet:-1, max-image-preview:large, max-video-preview:-1\" \/>\n<link rel=\"canonical\" href=\"https:\/\/www.primuselectronic.de\/index.php\/impressum\/\" \/>\n<meta property=\"og:locale\" content=\"de_DE\" \/>\n<meta property=\"og:type\" content=\"article\" \/>\n<meta property=\"og:title\" content=\"Impressum - Primus Electronic Systems\" \/>\n<meta property=\"og:description\" content=\"Impressum Primus electronic systems GmbH Fraunhoferstr. 2282152 PlaneggTel.: 089 \/ 859028-22Fax: 089 \/ 859028-23Email: info[at]primus-electronic.com Internet: www.primuselectronic.de Amtsgericht M\u00fcnchen HRB165655Sitz der Gesellschaft: 82152 PlaneggGesch\u00e4ftsf\u00fchrer:Dipl.-Ing. (TU) Hubert KreisDipl.-Ing. (FH) Anton WechUST-ID Nr.: DE252001497 Haftungsausschlu\u00df: Die Informationen und sonstigen Angaben auf dieser Website sind unverbindlich und unterliegen dem Vorbehalt der jederzeitigen \u00c4nderung. [&hellip;]\" \/>\n<meta property=\"og:url\" content=\"https:\/\/www.primuselectronic.de\/index.php\/impressum\/\" \/>\n<meta property=\"og:site_name\" content=\"Primus Electronic Systems\" \/>\n<meta property=\"article:modified_time\" content=\"2025-06-10T14:52:17+00:00\" \/>\n<meta name=\"twitter:card\" content=\"summary_large_image\" \/>\n<meta name=\"twitter:label1\" content=\"Gesch\u00e4tzte Lesezeit\" \/>\n\t<meta name=\"twitter:data1\" content=\"1\u00a0Minute\" \/>\n<script type=\"application\/ld+json\" class=\"yoast-schema-graph\">{\"@context\":\"https:\\\/\\\/schema.org\",\"@graph\":[{\"@type\":\"WebPage\",\"@id\":\"https:\\\/\\\/www.primuselectronic.de\\\/index.php\\\/impressum\\\/\",\"url\":\"https:\\\/\\\/www.primuselectronic.de\\\/index.php\\\/impressum\\\/\",\"name\":\"Impressum - Primus Electronic Systems\",\"isPartOf\":{\"@id\":\"https:\\\/\\\/www.primuselectronic.de\\\/#website\"},\"datePublished\":\"2020-08-07T13:42:44+00:00\",\"dateModified\":\"2025-06-10T14:52:17+00:00\",\"breadcrumb\":{\"@id\":\"https:\\\/\\\/www.primuselectronic.de\\\/index.php\\\/impressum\\\/#breadcrumb\"},\"inLanguage\":\"de\",\"potentialAction\":[{\"@type\":\"ReadAction\",\"target\":[\"https:\\\/\\\/www.primuselectronic.de\\\/index.php\\\/impressum\\\/\"]}]},{\"@type\":\"BreadcrumbList\",\"@id\":\"https:\\\/\\\/www.primuselectronic.de\\\/index.php\\\/impressum\\\/#breadcrumb\",\"itemListElement\":[{\"@type\":\"ListItem\",\"position\":1,\"name\":\"Home\",\"item\":\"https:\\\/\\\/www.primuselectronic.de\\\/\"},{\"@type\":\"ListItem\",\"position\":2,\"name\":\"Impressum\"}]},{\"@type\":\"WebSite\",\"@id\":\"https:\\\/\\\/www.primuselectronic.de\\\/#website\",\"url\":\"https:\\\/\\\/www.primuselectronic.de\\\/\",\"name\":\"Primus Electronic Systems\",\"description\":\"R\u00fcckspeisef\u00e4hige elektronische Lasten\",\"publisher\":{\"@id\":\"https:\\\/\\\/www.primuselectronic.de\\\/#organization\"},\"potentialAction\":[{\"@type\":\"SearchAction\",\"target\":{\"@type\":\"EntryPoint\",\"urlTemplate\":\"https:\\\/\\\/www.primuselectronic.de\\\/?s={search_term_string}\"},\"query-input\":{\"@type\":\"PropertyValueSpecification\",\"valueRequired\":true,\"valueName\":\"search_term_string\"}}],\"inLanguage\":\"de\"},{\"@type\":\"Organization\",\"@id\":\"https:\\\/\\\/www.primuselectronic.de\\\/#organization\",\"name\":\"Primus Electronic Systems\",\"url\":\"https:\\\/\\\/www.primuselectronic.de\\\/\",\"logo\":{\"@type\":\"ImageObject\",\"inLanguage\":\"de\",\"@id\":\"https:\\\/\\\/www.primuselectronic.de\\\/#\\\/schema\\\/logo\\\/image\\\/\",\"url\":\"https:\\\/\\\/www.primuselectronic.de\\\/wp-content\\\/uploads\\\/2020\\\/07\\\/primuslogo.png\",\"contentUrl\":\"https:\\\/\\\/www.primuselectronic.de\\\/wp-content\\\/uploads\\\/2020\\\/07\\\/primuslogo.png\",\"width\":150,\"height\":63,\"caption\":\"Primus Electronic Systems\"},\"image\":{\"@id\":\"https:\\\/\\\/www.primuselectronic.de\\\/#\\\/schema\\\/logo\\\/image\\\/\"}}]}<\/script>\n<!-- \/ Yoast SEO plugin. -->","yoast_head_json":{"title":"Impressum - Primus Electronic Systems","robots":{"index":"index","follow":"follow","max-snippet":"max-snippet:-1","max-image-preview":"max-image-preview:large","max-video-preview":"max-video-preview:-1"},"canonical":"https:\/\/www.primuselectronic.de\/index.php\/impressum\/","og_locale":"de_DE","og_type":"article","og_title":"Impressum - Primus Electronic Systems","og_description":"Impressum Primus electronic systems GmbH Fraunhoferstr. 2282152 PlaneggTel.: 089 \/ 859028-22Fax: 089 \/ 859028-23Email: info[at]primus-electronic.com Internet: www.primuselectronic.de Amtsgericht M\u00fcnchen HRB165655Sitz der Gesellschaft: 82152 PlaneggGesch\u00e4ftsf\u00fchrer:Dipl.-Ing. (TU) Hubert KreisDipl.-Ing. (FH) Anton WechUST-ID Nr.: DE252001497 Haftungsausschlu\u00df: Die Informationen und sonstigen Angaben auf dieser Website sind unverbindlich und unterliegen dem Vorbehalt der jederzeitigen \u00c4nderung. [&hellip;]","og_url":"https:\/\/www.primuselectronic.de\/index.php\/impressum\/","og_site_name":"Primus Electronic Systems","article_modified_time":"2025-06-10T14:52:17+00:00","twitter_card":"summary_large_image","twitter_misc":{"Gesch\u00e4tzte Lesezeit":"1\u00a0Minute"},"schema":{"@context":"https:\/\/schema.org","@graph":[{"@type":"WebPage","@id":"https:\/\/www.primuselectronic.de\/index.php\/impressum\/","url":"https:\/\/www.primuselectronic.de\/index.php\/impressum\/","name":"Impressum - Primus Electronic Systems","isPartOf":{"@id":"https:\/\/www.primuselectronic.de\/#website"},"datePublished":"2020-08-07T13:42:44+00:00","dateModified":"2025-06-10T14:52:17+00:00","breadcrumb":{"@id":"https:\/\/www.primuselectronic.de\/index.php\/impressum\/#breadcrumb"},"inLanguage":"de","potentialAction":[{"@type":"ReadAction","target":["https:\/\/www.primuselectronic.de\/index.php\/impressum\/"]}]},{"@type":"BreadcrumbList","@id":"https:\/\/www.primuselectronic.de\/index.php\/impressum\/#breadcrumb","itemListElement":[{"@type":"ListItem","position":1,"name":"Home","item":"https:\/\/www.primuselectronic.de\/"},{"@type":"ListItem","position":2,"name":"Impressum"}]},{"@type":"WebSite","@id":"https:\/\/www.primuselectronic.de\/#website","url":"https:\/\/www.primuselectronic.de\/","name":"Primus Electronic Systems","description":"R\u00fcckspeisef\u00e4hige elektronische Lasten","publisher":{"@id":"https:\/\/www.primuselectronic.de\/#organization"},"potentialAction":[{"@type":"SearchAction","target":{"@type":"EntryPoint","urlTemplate":"https:\/\/www.primuselectronic.de\/?s={search_term_string}"},"query-input":{"@type":"PropertyValueSpecification","valueRequired":true,"valueName":"search_term_string"}}],"inLanguage":"de"},{"@type":"Organization","@id":"https:\/\/www.primuselectronic.de\/#organization","name":"Primus Electronic Systems","url":"https:\/\/www.primuselectronic.de\/","logo":{"@type":"ImageObject","inLanguage":"de","@id":"https:\/\/www.primuselectronic.de\/#\/schema\/logo\/image\/","url":"https:\/\/www.primuselectronic.de\/wp-content\/uploads\/2020\/07\/primuslogo.png","contentUrl":"https:\/\/www.primuselectronic.de\/wp-content\/uploads\/2020\/07\/primuslogo.png","width":150,"height":63,"caption":"Primus Electronic Systems"},"image":{"@id":"https:\/\/www.primuselectronic.de\/#\/schema\/logo\/image\/"}}]}},"_links":{"self":[{"href":"https:\/\/www.primuselectronic.de\/index.php\/wp-json\/wp\/v2\/pages\/119","targetHints":{"allow":["GET"]}}],"collection":[{"href":"https:\/\/www.primuselectronic.de\/index.php\/wp-json\/wp\/v2\/pages"}],"about":[{"href":"https:\/\/www.primuselectronic.de\/index.php\/wp-json\/wp\/v2\/types\/page"}],"author":[{"embeddable":true,"href":"https:\/\/www.primuselectronic.de\/index.php\/wp-json\/wp\/v2\/users\/2"}],"replies":[{"embeddable":true,"href":"https:\/\/www.primuselectronic.de\/index.php\/wp-json\/wp\/v2\/comments?post=119"}],"version-history":[{"count":7,"href":"https:\/\/www.primuselectronic.de\/index.php\/wp-json\/wp\/v2\/pages\/119\/revisions"}],"predecessor-version":[{"id":200,"href":"https:\/\/www.primuselectronic.de\/index.php\/wp-json\/wp\/v2\/pages\/119\/revisions\/200"}],"wp:attachment":[{"href":"https:\/\/www.primuselectronic.de\/index.php\/wp-json\/wp\/v2\/media?parent=119"}],"curies":[{"name":"wp","href":"https:\/\/api.w.org\/{rel}","templated":true}]}}