{"id":174,"date":"2020-08-07T15:26:11","date_gmt":"2020-08-07T15:26:11","guid":{"rendered":"https:\/\/staging.primuselectronic.de\/?page_id=174"},"modified":"2025-06-10T15:00:38","modified_gmt":"2025-06-10T15:00:38","slug":"datenschutz","status":"publish","type":"page","link":"https:\/\/www.primuselectronic.de\/index.php\/datenschutz\/","title":{"rendered":"Datenschutz"},"content":{"rendered":"\t\t<div data-elementor-type=\"wp-page\" data-elementor-id=\"174\" class=\"elementor elementor-174\">\n\t\t\t\t\t\t<section class=\"elementor-section elementor-top-section elementor-element elementor-element-18d32f0c elementor-section-boxed elementor-section-height-default elementor-section-height-default\" data-id=\"18d32f0c\" data-element_type=\"section\" data-e-type=\"section\">\n\t\t\t\t\t\t<div class=\"elementor-container elementor-column-gap-default\">\n\t\t\t\t\t<div class=\"elementor-column elementor-col-100 elementor-top-column elementor-element elementor-element-5ab048a\" data-id=\"5ab048a\" data-element_type=\"column\" data-e-type=\"column\">\n\t\t\t<div class=\"elementor-widget-wrap elementor-element-populated\">\n\t\t\t\t\t\t<div class=\"elementor-element elementor-element-23d8e37 elementor-widget elementor-widget-text-editor\" data-id=\"23d8e37\" data-element_type=\"widget\" data-e-type=\"widget\" data-widget_type=\"text-editor.default\">\n\t\t\t\t<div class=\"elementor-widget-container\">\n\t\t\t\t\t\t\t\t\t<main role=\"main\" itemprop=\"mainContentOfPage\" class=\"template-page content  av-content-full alpha units\"><div class=\"post-entry post-entry-type-page post-entry-5236\"><div class=\"entry-content-wrapper clearfix\"><div class=\"flex_column av-8n410-81f156f54cd63b1ce17952d1e6ded8e8 av_one_full  avia-builder-el-0  avia-builder-el-no-sibling  first flex_column_div av-zero-column-padding  \"><section class=\"av_textblock_section av-jhjex46g-cd52d7677cfeb2629f725983f8f53132 \" itemscope=\"itemscope\" itemtype=\"https:\/\/schema.org\/CreativeWork\"><div class=\"avia_textblock\" itemprop=\"text\"><p><strong>Datenschutzerkl\u00e4rung<\/strong><\/p><p>Der Schutz Ihrer pers\u00f6nlichen Daten ist uns ein besonderes Anliegen. Wir verarbeiten Ihre Daten daher ausschlie\u00dflich auf Grundlage der gesetzlichen Bestimmungen. In diesen Datenschutz-Informationen informieren wir Sie, wie wir mit Ihren Daten umgehen. Grunds\u00e4tze wie Datensparsamkeit, Transparenz und Sicherheit haben bei uns daher h\u00f6chste Priorit\u00e4t.<\/p><p><strong>1. Warum speichern wir Daten \u00fcber Sie? (Verarbeitungszwecke und Rechtsgrundlage)<\/strong><\/p><p>Wir erheben personenbezogene Daten<\/p><ul><li>bei Anfragen und zur Erstellung eines Angebotes<\/li><li>bei Bestellungen zur Auftragserf\u00fcllung<\/li><li>bei E-Mails<\/li><li>bei Anrufen<\/li><li>im Rahmen Ihres Besuches auf unserer Website<\/li><li>von Hinweisgebern, wenn die Meldung nicht anonym erfolgt<\/li><\/ul><p>Die Bereitstellung Ihrer Daten ist f\u00fcr den jeweiligen Zweck, z.B. die Angebotserstellung oder den Vertragsabschluss mit Ihnen erforderlich. Wenn Sie die Daten nicht zur Verf\u00fcgung stellen, k\u00f6nnen wir Ihr Anliegen nicht bearbeiten.<br \/>Die personenbezogenen Daten von Hinweisgebern werden gesch\u00fctzt und nicht weitergegeben. (siehe auch \u201c9. Ausnahme Informationspflicht nach Artikel 14 bei Meldungen von Hinweisgebern\u201d).<\/p><p><strong>2. Welche Daten erfassen wir bei Hinweisgeber-Meldungen<\/strong><\/p><p>Bei einer anonymen Meldung werden keine personenbezogenen Daten vom Hinweisgeber erfasst.<br \/>Bei nicht anonymer Meldung erfassen wir folgende Daten vom Hinweisgeber:<br \/>Name, Vorname, Kontaktdaten (z.B. Adresse, E-Mailadresse, Telefonnummer)<br \/>Es werden die Daten vom Hinweisgeber erfasst, die er an uns \u00fcbermittelt.<\/p><p>Folgende Daten werden generell bei Meldungen erfasst:<\/p><ul><li>Datum der Meldung<\/li><li>Eingangskanal<\/li><li>Art des Hinweises (diese Beschreibung kann u.U. personenbezogene Daten enthalten, z.B. wenn sich die Meldung auf eine Person bezieht)<\/li><li>Ergebnis<\/li><li>Datum des Abschlusses<\/li><\/ul><p><strong> 3. Aufgrund welcher Rechtsgrundlage erfassen wir Daten von Ihnen?<\/strong><\/p><p>Die Datenerfassung erfolgt auf Basis des Artikel 6 der Datenschutzgrundverordnung.<\/p><ul><li>Einwilligung<\/li><li>Erf\u00fcllung eines Vertrags oder zur Durchf\u00fchrung vorvertraglicher Ma\u00dfnahmen<\/li><li>rechtliche Verpflichtung<\/li><li>Schutz lebenswichtiger Interessen<\/li><li>\u00f6ffentliches Interesse liegt oder Aus\u00fcbung \u00f6ffentlicher Gewalt<\/li><li>berechtigtes Interesse<\/li><\/ul><p><strong>4. Geben wir Ihre personenbezogenen Daten weiter?<\/strong><\/p><p>Eine Weitergabe an Dritte erfolgt nicht, au\u00dfer dies ist im Rahmen der Auftragsbearbeitung unbedingt erforderlich (z.B. Warenversand \u00fcber Transportunternehmen).<br \/>Im Rahmen der Erf\u00fcllung von gesetzlichen Anforderungen kann es erforderlich sein, Daten an Beh\u00f6rden weiterzugeben.<br \/>Wir \u00fcbermitteln Daten nicht an Drittl\u00e4nder.<\/p><p><strong> 5. Wie sch\u00fctzen wir Ihre Daten?<\/strong><\/p><p>Wir sch\u00fctzen Ihre personenbezogenen Daten durch verschiedene technische und organisatorische Ma\u00dfnahmen.<\/p><p><strong> 6. Wann l\u00f6schen wir Ihre Daten?<\/strong><\/p><p>Daten, die gesetzlichen Aufbewahrungsfristen unterliegen, werden aufbewahrt und nach Ablauf der gesetzlichen Frist routinem\u00e4\u00dfig gel\u00f6scht, falls sie nicht mehr zur Vertragserf\u00fcllung erforderlich sind.<\/p><p><strong>7. Ihre Rechte bez\u00fcglich Ihrer Daten<\/strong><\/p><p>Sie haben das Recht sich zu informieren, welche Daten wir von Ihnen verarbeiten (Auskunftsrecht), fehlerhafte Daten korrigieren zu lassen (Berichtigung) oder Ihre Daten l\u00f6schen zu lassen, sofern diese nicht zur Vertragserf\u00fcllung oder aufgrund anderer Rechtsgrundlagen verarbeitet werden m\u00fcssen (L\u00f6schung). Au\u00dferdem k\u00f6nnen Sie Ihre Daten sperren lassen (Einschr\u00e4nkung der Verarbeitung), gegen die Verarbeitung Ihrer Daten widersprechen und im Bedarfsfall Ihre Daten \u00fcbertragen lassen (Daten\u00fcbertragbarkeit).<br \/>Einwilligungen, die sie schriftlich get\u00e4tigt haben, k\u00f6nnen Sie jederzeit schriftlich widerrufen (Widerrufsrecht).<\/p><p>Ausnahme f\u00fcr Hinweisgeber:<br \/>Das Auskunftsrecht nach Art. 15 DS-GVO gem\u00e4\u00df \u00a7 29 Abs. 1 Satz 2 BDSG besteht nicht, soweit durch die Auskunft Informationen offenbart w\u00fcrden, die nach einer Rechtsvorschrift oder ihrem Wesen nach, insbesondere wegen der \u00fcberwiegenden berechtigten Interessen eines Dritten, geheim gehalten werden m\u00fcssen.<br \/>Bitte wenden Sie sich in einem der o. g. F\u00e4llen an unseren Kontakt.<\/p><p><strong>8. Kontakt<\/strong><\/p><p>Wenn Sie Fragen zu unseren Hinweisen zum Datenschutz oder zur Verarbeitung Ihrer pers\u00f6nlichen Daten haben, k\u00f6nnen Sie sich direkt an unseren Ansprechpartner f\u00fcr den Datenschutz wenden. Er steht Ihnen auch im Falle von Auskunftsersuchen, Anregungen oder bei Beschwerden als Ansprechpartner zur Verf\u00fcgung.<\/p><p>Hubert Kreis<br \/>Fraunhoferstra\u00dfe 22<br \/>D \u2013 82152 Planegg<br \/>info@primus-electronic.com<br \/>+49 89 85902822<\/p><p>Verantwortlicher im Sinne der Datenschutz-Grundverordnung, sonstiger in den Mitgliedstaaten der Europ\u00e4ischen Union geltenden Datenschutzgesetze und anderer Bestimmungen mit datenschutzrechtlichem Charakter ist:<\/p><p>Hubert Kreis<br \/>Fraunhoferstra\u00dfe 22<br \/>D \u2013 82152 Planegg<br \/>info@primus-electronic.com<br \/>+49 89 85902822<\/p><p><strong>9. Ausnahme Informationspflicht nach Artikel 14 bei Meldungen von Hinweisgebern<\/strong><\/p><p>Wenn Meldungen zu Personen erfolgen, werden diese bei uns laut HinSchG erfasst.<br \/>Wenn die Informationspflicht nach Art. 14 DGSVO voraussichtlich die Verwirklichung der Ziele dieser Verarbeitung unm\u00f6glich macht oder ernsthaft beeintr\u00e4chtigt (Art. 14 Abs. 5 Buchstabe b DS-GVO) und durch die Information die Aufkl\u00e4rung des Sachverhalts und die nach \u00a7 18 Nr. 1 und 4 HinSchG zu treffenden Untersuchungen ernsthaft beeintr\u00e4chtigt w\u00fcrden, z.B. aufgrund von drohenden Verdunklungsma\u00dfnahmen der beschuldigten Person oder Personen, erfolgt in diesem Falle keine Information an die gemeldete \/ genannte Person.<\/p><p><strong> 10. Website<\/strong><\/p><p>Die Nutzung unserer Webseite ist in der Regel ohne Angabe personenbezogener Daten m\u00f6glich. Soweit auf unseren Seiten personenbezogene Daten (beispielsweise Name, Anschrift oder E-Mail-Adressen) erhoben werden, erfolgt dies, soweit m\u00f6glich, stets auf freiwilliger Basis. Diese Daten werden ohne Ihre ausdr\u00fcckliche Zustimmung nicht an Dritte weitergegeben.<br \/>Wir weisen darauf hin, dass die Daten\u00fcbertragung im Internet (z.B. bei der Kommunikation per E-Mail) Sicherheitsl\u00fccken aufweisen kann. Ein l\u00fcckenloser Schutz der Daten vor dem Zugriff durch Dritte ist nicht m\u00f6glich.<\/p><p><strong>a) Cookies<\/strong><br \/>Die Internetseiten verwenden teilweise so genannte Cookies. Cookies richten auf Ihrem Rechner keinen Schaden an und enthalten keine Viren. Cookies dienen dazu, unser Angebot nutzerfreundlicher, effektiver und sicherer zu machen. Cookies sind kleine Textdateien, die auf Ihrem Rechner abgelegt werden und die Ihr Browser speichert.<br \/>Die meisten der von uns verwendeten Cookies sind so genannte \u201eSession-Cookies\u201c. Sie werden nach Ende Ihres Besuchs automatisch gel\u00f6scht. Andere Cookies bleiben auf Ihrem Endger\u00e4t gespeichert, bis Sie diese l\u00f6schen. Diese Cookies erm\u00f6glichen es uns, Ihren Browser beim n\u00e4chsten Besuch wiederzuerkennen.<br \/>Sie k\u00f6nnen Ihren Browser so einstellen, dass Sie \u00fcber das Setzen von Cookies informiert werden und Cookies nur im Einzelfall erlauben, die Annahme von Cookies f\u00fcr bestimmte F\u00e4lle oder generell ausschlie\u00dfen sowie das automatische L\u00f6schen der Cookies beim Schlie\u00dfen des Browsers aktivieren. Bei der Deaktivierung von Cookies kann die Funktionalit\u00e4t dieser Website eingeschr\u00e4nkt sein.<\/p><p><strong>b) Server Logfiles<\/strong><br \/>Der Provider der Seiten erhebt und speichert automatisch Informationen in so genannten Server Logfiles, die Ihr Browser automatisch an uns \u00fcbermittelt. Dies sind:<\/p><ul><li>Browsertyp und Browserversion<\/li><li>verwendetes Betriebssystem<\/li><li>Referrer URL<\/li><li>Hostname des anfragenden Rechners<\/li><li>Datum und Uhrzeit der Serveranfrage<\/li><li>Spracheinstellung im Browser<\/li><li>IP Adresse<\/li><\/ul><p>Diese Daten sind nicht bestimmten Personen zuordenbar. Eine Zusammenf\u00fchrung dieser Daten mit anderen Datenquellen wird nicht vorgenommen. Wir behalten uns vor, diese Daten nachtr\u00e4glich zu pr\u00fcfen, wenn uns konkrete Anhaltspunkte f\u00fcr eine rechtswidrige Nutzung bekannt werden.<\/p><p><strong>c) Kontaktformular<\/strong><br \/>Wenn Sie uns per Kontaktformular Anfragen zukommen lassen, werden Ihre Angaben aus dem Kontaktformular inklusive der von Ihnen dort angegebenen Kontaktdaten zwecks Bearbeitung der Anfrage und f\u00fcr den Fall von weiteren Anfragen Ihrerseits bei uns gespeichert. Diese Daten geben wir nicht ohne Ihre Einwilligung weiter.<\/p><p><strong>11. Beschwerden<\/strong><\/p><p>Wenn Sie glauben, dass die Verarbeitung Ihrer Daten gegen das Datenschutzrecht verst\u00f6\u00dft oder Ihre datenschutzrechtlichen Anspr\u00fcche sonst in einer Weise verletzt worden sind, k\u00f6nnen Sie sich bei der Aufsichtsbeh\u00f6rde beschweren.<\/p><\/div><\/section><\/div><\/div><\/div><\/main>\t\t\t\t\t\t\t\t<\/div>\n\t\t\t\t<\/div>\n\t\t\t\t\t<\/div>\n\t\t<\/div>\n\t\t\t\t\t<\/div>\n\t\t<\/section>\n\t\t\t\t<\/div>\n\t\t","protected":false},"excerpt":{"rendered":"<p>Datenschutzerkl\u00e4rung Der Schutz Ihrer pers\u00f6nlichen Daten ist uns ein besonderes Anliegen. Wir verarbeiten Ihre Daten daher ausschlie\u00dflich auf Grundlage der gesetzlichen Bestimmungen. In diesen Datenschutz-Informationen informieren wir Sie, wie wir mit Ihren Daten umgehen. Grunds\u00e4tze wie Datensparsamkeit, Transparenz und Sicherheit haben bei uns daher h\u00f6chste Priorit\u00e4t. 1. Warum speichern wir [&hellip;]<\/p>\n","protected":false},"author":2,"featured_media":0,"parent":0,"menu_order":0,"comment_status":"closed","ping_status":"closed","template":"","meta":{"footnotes":""},"class_list":["post-174","page","type-page","status-publish","hentry"],"yoast_head":"<!-- This site is optimized with the Yoast SEO plugin v27.5 - https:\/\/yoast.com\/product\/yoast-seo-wordpress\/ -->\n<title>Datenschutz - Primus Electronic Systems<\/title>\n<meta name=\"robots\" content=\"index, follow, max-snippet:-1, max-image-preview:large, max-video-preview:-1\" \/>\n<link rel=\"canonical\" href=\"https:\/\/www.primuselectronic.de\/index.php\/datenschutz\/\" \/>\n<meta property=\"og:locale\" content=\"de_DE\" \/>\n<meta property=\"og:type\" content=\"article\" \/>\n<meta property=\"og:title\" content=\"Datenschutz - Primus Electronic Systems\" \/>\n<meta property=\"og:description\" content=\"Datenschutzerkl\u00e4rung Der Schutz Ihrer pers\u00f6nlichen Daten ist uns ein besonderes Anliegen. Wir verarbeiten Ihre Daten daher ausschlie\u00dflich auf Grundlage der gesetzlichen Bestimmungen. In diesen Datenschutz-Informationen informieren wir Sie, wie wir mit Ihren Daten umgehen. Grunds\u00e4tze wie Datensparsamkeit, Transparenz und Sicherheit haben bei uns daher h\u00f6chste Priorit\u00e4t. 1. Warum speichern wir [&hellip;]\" \/>\n<meta property=\"og:url\" content=\"https:\/\/www.primuselectronic.de\/index.php\/datenschutz\/\" \/>\n<meta property=\"og:site_name\" content=\"Primus Electronic Systems\" \/>\n<meta property=\"article:modified_time\" content=\"2025-06-10T15:00:38+00:00\" \/>\n<meta name=\"twitter:card\" content=\"summary_large_image\" \/>\n<meta name=\"twitter:label1\" content=\"Gesch\u00e4tzte Lesezeit\" \/>\n\t<meta name=\"twitter:data1\" content=\"6\u00a0Minuten\" \/>\n<script type=\"application\/ld+json\" class=\"yoast-schema-graph\">{\"@context\":\"https:\\\/\\\/schema.org\",\"@graph\":[{\"@type\":\"WebPage\",\"@id\":\"https:\\\/\\\/www.primuselectronic.de\\\/index.php\\\/datenschutz\\\/\",\"url\":\"https:\\\/\\\/www.primuselectronic.de\\\/index.php\\\/datenschutz\\\/\",\"name\":\"Datenschutz - Primus Electronic Systems\",\"isPartOf\":{\"@id\":\"https:\\\/\\\/www.primuselectronic.de\\\/#website\"},\"datePublished\":\"2020-08-07T15:26:11+00:00\",\"dateModified\":\"2025-06-10T15:00:38+00:00\",\"breadcrumb\":{\"@id\":\"https:\\\/\\\/www.primuselectronic.de\\\/index.php\\\/datenschutz\\\/#breadcrumb\"},\"inLanguage\":\"de\",\"potentialAction\":[{\"@type\":\"ReadAction\",\"target\":[\"https:\\\/\\\/www.primuselectronic.de\\\/index.php\\\/datenschutz\\\/\"]}]},{\"@type\":\"BreadcrumbList\",\"@id\":\"https:\\\/\\\/www.primuselectronic.de\\\/index.php\\\/datenschutz\\\/#breadcrumb\",\"itemListElement\":[{\"@type\":\"ListItem\",\"position\":1,\"name\":\"Home\",\"item\":\"https:\\\/\\\/www.primuselectronic.de\\\/\"},{\"@type\":\"ListItem\",\"position\":2,\"name\":\"Datenschutz\"}]},{\"@type\":\"WebSite\",\"@id\":\"https:\\\/\\\/www.primuselectronic.de\\\/#website\",\"url\":\"https:\\\/\\\/www.primuselectronic.de\\\/\",\"name\":\"Primus Electronic Systems\",\"description\":\"R\u00fcckspeisef\u00e4hige elektronische Lasten\",\"publisher\":{\"@id\":\"https:\\\/\\\/www.primuselectronic.de\\\/#organization\"},\"potentialAction\":[{\"@type\":\"SearchAction\",\"target\":{\"@type\":\"EntryPoint\",\"urlTemplate\":\"https:\\\/\\\/www.primuselectronic.de\\\/?s={search_term_string}\"},\"query-input\":{\"@type\":\"PropertyValueSpecification\",\"valueRequired\":true,\"valueName\":\"search_term_string\"}}],\"inLanguage\":\"de\"},{\"@type\":\"Organization\",\"@id\":\"https:\\\/\\\/www.primuselectronic.de\\\/#organization\",\"name\":\"Primus Electronic Systems\",\"url\":\"https:\\\/\\\/www.primuselectronic.de\\\/\",\"logo\":{\"@type\":\"ImageObject\",\"inLanguage\":\"de\",\"@id\":\"https:\\\/\\\/www.primuselectronic.de\\\/#\\\/schema\\\/logo\\\/image\\\/\",\"url\":\"https:\\\/\\\/www.primuselectronic.de\\\/wp-content\\\/uploads\\\/2020\\\/07\\\/primuslogo.png\",\"contentUrl\":\"https:\\\/\\\/www.primuselectronic.de\\\/wp-content\\\/uploads\\\/2020\\\/07\\\/primuslogo.png\",\"width\":150,\"height\":63,\"caption\":\"Primus Electronic Systems\"},\"image\":{\"@id\":\"https:\\\/\\\/www.primuselectronic.de\\\/#\\\/schema\\\/logo\\\/image\\\/\"}}]}<\/script>\n<!-- \/ Yoast SEO plugin. -->","yoast_head_json":{"title":"Datenschutz - Primus Electronic Systems","robots":{"index":"index","follow":"follow","max-snippet":"max-snippet:-1","max-image-preview":"max-image-preview:large","max-video-preview":"max-video-preview:-1"},"canonical":"https:\/\/www.primuselectronic.de\/index.php\/datenschutz\/","og_locale":"de_DE","og_type":"article","og_title":"Datenschutz - Primus Electronic Systems","og_description":"Datenschutzerkl\u00e4rung Der Schutz Ihrer pers\u00f6nlichen Daten ist uns ein besonderes Anliegen. Wir verarbeiten Ihre Daten daher ausschlie\u00dflich auf Grundlage der gesetzlichen Bestimmungen. In diesen Datenschutz-Informationen informieren wir Sie, wie wir mit Ihren Daten umgehen. Grunds\u00e4tze wie Datensparsamkeit, Transparenz und Sicherheit haben bei uns daher h\u00f6chste Priorit\u00e4t. 1. Warum speichern wir [&hellip;]","og_url":"https:\/\/www.primuselectronic.de\/index.php\/datenschutz\/","og_site_name":"Primus Electronic Systems","article_modified_time":"2025-06-10T15:00:38+00:00","twitter_card":"summary_large_image","twitter_misc":{"Gesch\u00e4tzte Lesezeit":"6\u00a0Minuten"},"schema":{"@context":"https:\/\/schema.org","@graph":[{"@type":"WebPage","@id":"https:\/\/www.primuselectronic.de\/index.php\/datenschutz\/","url":"https:\/\/www.primuselectronic.de\/index.php\/datenschutz\/","name":"Datenschutz - Primus Electronic Systems","isPartOf":{"@id":"https:\/\/www.primuselectronic.de\/#website"},"datePublished":"2020-08-07T15:26:11+00:00","dateModified":"2025-06-10T15:00:38+00:00","breadcrumb":{"@id":"https:\/\/www.primuselectronic.de\/index.php\/datenschutz\/#breadcrumb"},"inLanguage":"de","potentialAction":[{"@type":"ReadAction","target":["https:\/\/www.primuselectronic.de\/index.php\/datenschutz\/"]}]},{"@type":"BreadcrumbList","@id":"https:\/\/www.primuselectronic.de\/index.php\/datenschutz\/#breadcrumb","itemListElement":[{"@type":"ListItem","position":1,"name":"Home","item":"https:\/\/www.primuselectronic.de\/"},{"@type":"ListItem","position":2,"name":"Datenschutz"}]},{"@type":"WebSite","@id":"https:\/\/www.primuselectronic.de\/#website","url":"https:\/\/www.primuselectronic.de\/","name":"Primus Electronic Systems","description":"R\u00fcckspeisef\u00e4hige elektronische Lasten","publisher":{"@id":"https:\/\/www.primuselectronic.de\/#organization"},"potentialAction":[{"@type":"SearchAction","target":{"@type":"EntryPoint","urlTemplate":"https:\/\/www.primuselectronic.de\/?s={search_term_string}"},"query-input":{"@type":"PropertyValueSpecification","valueRequired":true,"valueName":"search_term_string"}}],"inLanguage":"de"},{"@type":"Organization","@id":"https:\/\/www.primuselectronic.de\/#organization","name":"Primus Electronic Systems","url":"https:\/\/www.primuselectronic.de\/","logo":{"@type":"ImageObject","inLanguage":"de","@id":"https:\/\/www.primuselectronic.de\/#\/schema\/logo\/image\/","url":"https:\/\/www.primuselectronic.de\/wp-content\/uploads\/2020\/07\/primuslogo.png","contentUrl":"https:\/\/www.primuselectronic.de\/wp-content\/uploads\/2020\/07\/primuslogo.png","width":150,"height":63,"caption":"Primus Electronic Systems"},"image":{"@id":"https:\/\/www.primuselectronic.de\/#\/schema\/logo\/image\/"}}]}},"_links":{"self":[{"href":"https:\/\/www.primuselectronic.de\/index.php\/wp-json\/wp\/v2\/pages\/174","targetHints":{"allow":["GET"]}}],"collection":[{"href":"https:\/\/www.primuselectronic.de\/index.php\/wp-json\/wp\/v2\/pages"}],"about":[{"href":"https:\/\/www.primuselectronic.de\/index.php\/wp-json\/wp\/v2\/types\/page"}],"author":[{"embeddable":true,"href":"https:\/\/www.primuselectronic.de\/index.php\/wp-json\/wp\/v2\/users\/2"}],"replies":[{"embeddable":true,"href":"https:\/\/www.primuselectronic.de\/index.php\/wp-json\/wp\/v2\/comments?post=174"}],"version-history":[{"count":5,"href":"https:\/\/www.primuselectronic.de\/index.php\/wp-json\/wp\/v2\/pages\/174\/revisions"}],"predecessor-version":[{"id":206,"href":"https:\/\/www.primuselectronic.de\/index.php\/wp-json\/wp\/v2\/pages\/174\/revisions\/206"}],"wp:attachment":[{"href":"https:\/\/www.primuselectronic.de\/index.php\/wp-json\/wp\/v2\/media?parent=174"}],"curies":[{"name":"wp","href":"https:\/\/api.w.org\/{rel}","templated":true}]}}