{"id":41,"date":"2020-07-17T15:59:04","date_gmt":"2020-07-17T15:59:04","guid":{"rendered":"https:\/\/staging.primuselectronic.de\/?page_id=41"},"modified":"2020-08-07T15:06:15","modified_gmt":"2020-08-07T15:06:15","slug":"testschrank-ts8","status":"publish","type":"page","link":"https:\/\/www.primuselectronic.de\/index.php\/testschrank-ts8\/","title":{"rendered":"Testschrank TS8"},"content":{"rendered":"\t\t<div data-elementor-type=\"wp-page\" data-elementor-id=\"41\" class=\"elementor elementor-41\">\n\t\t\t\t\t\t<section class=\"elementor-section elementor-top-section elementor-element elementor-element-1646e3d8 elementor-section-boxed elementor-section-height-default elementor-section-height-default\" data-id=\"1646e3d8\" data-element_type=\"section\" data-e-type=\"section\">\n\t\t\t\t\t\t<div class=\"elementor-container elementor-column-gap-default\">\n\t\t\t\t\t<div class=\"elementor-column elementor-col-100 elementor-top-column elementor-element elementor-element-64381705\" data-id=\"64381705\" data-element_type=\"column\" data-e-type=\"column\">\n\t\t\t<div class=\"elementor-widget-wrap elementor-element-populated\">\n\t\t\t\t\t\t<div class=\"elementor-element elementor-element-62f1632 elementor-widget elementor-widget-text-editor\" data-id=\"62f1632\" data-element_type=\"widget\" data-e-type=\"widget\" data-widget_type=\"text-editor.default\">\n\t\t\t\t<div class=\"elementor-widget-container\">\n\t\t\t\t\t\t\t\t\t<p><span><strong>Testschrank TS8<\/strong><\/span><\/p><p><strong><span>Testsystem f\u00fcr den Burn-in-Test von DC-Stromversorgungen<\/span> <span>mit Energier\u00fcckspeisung<\/span><\/strong><\/p>\t\t\t\t\t\t\t\t<\/div>\n\t\t\t\t<\/div>\n\t\t\t\t<section class=\"elementor-section elementor-inner-section elementor-element elementor-element-8246413 elementor-section-boxed elementor-section-height-default elementor-section-height-default\" data-id=\"8246413\" data-element_type=\"section\" data-e-type=\"section\">\n\t\t\t\t\t\t<div class=\"elementor-container elementor-column-gap-default\">\n\t\t\t\t\t<div class=\"elementor-column elementor-col-50 elementor-inner-column elementor-element elementor-element-123920a\" data-id=\"123920a\" data-element_type=\"column\" data-e-type=\"column\">\n\t\t\t<div class=\"elementor-widget-wrap elementor-element-populated\">\n\t\t\t\t\t\t<div class=\"elementor-element elementor-element-80d775f elementor-widget elementor-widget-image\" data-id=\"80d775f\" data-element_type=\"widget\" data-e-type=\"widget\" data-widget_type=\"image.default\">\n\t\t\t\t<div class=\"elementor-widget-container\">\n\t\t\t\t\t\t\t\t\t\t\t\t\t\t\t\t<a href=\"https:\/\/staging.primuselectronic.de\/wp-content\/uploads\/2020\/07\/HPIM1814_freigestellt_klein.jpg\" data-elementor-open-lightbox=\"yes\" data-elementor-lightbox-title=\"Testschrank TS08\" data-e-action-hash=\"#elementor-action%3Aaction%3Dlightbox%26settings%3DeyJpZCI6NDUsInVybCI6Imh0dHBzOlwvXC93d3cucHJpbXVzZWxlY3Ryb25pYy5kZVwvd3AtY29udGVudFwvdXBsb2Fkc1wvMjAyMFwvMDdcL0hQSU0xODE0X2ZyZWlnZXN0ZWxsdF9rbGVpbi5qcGcifQ%3D%3D\">\n\t\t\t\t\t\t\t<img fetchpriority=\"high\" decoding=\"async\" width=\"750\" height=\"1000\" src=\"https:\/\/www.primuselectronic.de\/wp-content\/uploads\/2020\/07\/HPIM1814_freigestellt_klein-768x1024.jpg\" class=\"attachment-large size-large wp-image-45\" alt=\"\" srcset=\"https:\/\/www.primuselectronic.de\/wp-content\/uploads\/2020\/07\/HPIM1814_freigestellt_klein-768x1025.jpg 768w, https:\/\/www.primuselectronic.de\/wp-content\/uploads\/2020\/07\/HPIM1814_freigestellt_klein-225x300.jpg 225w, https:\/\/www.primuselectronic.de\/wp-content\/uploads\/2020\/07\/HPIM1814_freigestellt_klein.jpg 979w\" sizes=\"(max-width: 750px) 100vw, 750px\" \/>\t\t\t\t\t\t\t\t<\/a>\n\t\t\t\t\t\t\t\t\t\t\t\t\t\t\t<\/div>\n\t\t\t\t<\/div>\n\t\t\t\t\t<\/div>\n\t\t<\/div>\n\t\t\t\t<div class=\"elementor-column elementor-col-50 elementor-inner-column elementor-element elementor-element-3b23b09\" data-id=\"3b23b09\" data-element_type=\"column\" data-e-type=\"column\">\n\t\t\t<div class=\"elementor-widget-wrap elementor-element-populated\">\n\t\t\t\t\t\t<div class=\"elementor-element elementor-element-13d75d9 elementor-widget elementor-widget-text-editor\" data-id=\"13d75d9\" data-element_type=\"widget\" data-e-type=\"widget\" data-widget_type=\"text-editor.default\">\n\t\t\t\t<div class=\"elementor-widget-container\">\n\t\t\t\t\t\t\t\t\t<p>In Verbindung mit der PC-Software zur Steuerung und Visualisierung (\u201eLeitzentrale\u201c) stellt der Testschrank TS8 ein sehr leistungsf\u00e4higes System f\u00fcr den Burn-in-Test von DC-Stromversorgungen in der Serienproduktion dar. Dabei wird die von den Pr\u00fcflingen abgegebene elektrische Leistung nicht in W\u00e4rme umgesetzt, sondern wieder in das Stromnetz zur\u00fcckgespeist.<br \/>Je nach Best\u00fcckung mit den Senkeneinsch\u00fcben CS960 kann eine gro\u00dfe Zahl von Pr\u00fcflingen gleichzeitig getestet werden. Der Testschrank TS8 kann bis zu 8 Senkeneinsch\u00fcbe CS960 aufnehmen. Jeder Senkeneinschub hat 16 unabh\u00e4ngig regelbare Kan\u00e4le, soda\u00df im Testschrank bis zu 128 Pr\u00fcflinge gleichzeitig getestet werden k\u00f6nnen.<br \/>Jeder Senkenkanal ist f\u00fcr eine Spannung bis zu 60V, einem Strom bis zu 5A und einer Leistung bis zu 60W ausgelegt. F\u00fcr Pr\u00fcflinge mit Leistungen bis zu 960W k\u00f6nnen bis zu 16 Kan\u00e4le parallel geschaltet werden. Die Testleistung des Schrankes betr\u00e4gt insgesamt bis zu 8kW.<\/p>\t\t\t\t\t\t\t\t<\/div>\n\t\t\t\t<\/div>\n\t\t\t\t\t<\/div>\n\t\t<\/div>\n\t\t\t\t\t<\/div>\n\t\t<\/section>\n\t\t\t\t<div class=\"elementor-element elementor-element-a312ef1 elementor-widget elementor-widget-text-editor\" data-id=\"a312ef1\" data-element_type=\"widget\" data-e-type=\"widget\" data-widget_type=\"text-editor.default\">\n\t\t\t\t<div class=\"elementor-widget-container\">\n\t\t\t\t\t\t\t\t\t<p>W\u00e4hrend des Testbetriebes werden die Pr\u00fcflinge kontinuierlich auf einwandfreie Funktion hin \u00fcberwacht. Die \u00dcberwachungsparameter (z.B. Mindestspannung, Maximalspannung, Strom etc.) sind f\u00fcr jeden Kanal frei einstellbar.<br \/>Der Testschrank TS8 hat 4 Testkammern zur Aufnahme der Pr\u00fcflinge, deren Temperaturen unabh\u00e4ngig geregelt werden. Die Temperaturen der Testkammern sind \u00fcber den integrierten Temperaturregler TR4 im Bereich zwischen 25\u00b0C und 70\u00b0C einstellbar.<\/p>\t\t\t\t\t\t\t\t<\/div>\n\t\t\t\t<\/div>\n\t\t\t\t<div class=\"elementor-element elementor-element-b4a8986 elementor-widget elementor-widget-text-editor\" data-id=\"b4a8986\" data-element_type=\"widget\" data-e-type=\"widget\" data-widget_type=\"text-editor.default\">\n\t\t\t\t<div class=\"elementor-widget-container\">\n\t\t\t\t\t\t\t\t\t<p>Prinzipiell ist der Testschrank autark betreibbar. Die Stromsenken k\u00f6nnen \u00fcber die frontseitigen Bedientasten vollst\u00e4ndig konfiguriert werden (Vorgabe der Sollwerte und der \u00dcberwachungsparameter). \u00dcber die 7-Segment- und LED-Anzeigen werden St\u00f6rungen der Senken (Eigen\u00fcberwachung) und Ausf\u00e4lle der Pr\u00fcflinge angezeigt.<br \/>Normalerweise wird jedoch die Bedienung der Stromsenken \u00fcber die PC-Leitzentrale erfolgen. Diese Software l\u00e4uft auf einem \u00fcblichen PC und erm\u00f6glicht die Vorgabe von Sollwerten und die Visualisierung von Istwerten \u00fcber eine \u00fcbersichtliche grafische Bedienoberfl\u00e4che. Verschiedene Ansichten in mehreren Ebenen (Schrankebene, Senkenebene, Kanalebene) erm\u00f6glichen die rasche Lokalisierung von Pr\u00fcflingsausf\u00e4llen im Testschrank. Ausf\u00e4lle werden in einem Logfile dokumentiert.<br \/>Die datentechnische Anbindung des Testschrankes TS8 an die PC-Software erfolgt \u00fcber Ethernet.<\/p>\t\t\t\t\t\t\t\t<\/div>\n\t\t\t\t<\/div>\n\t\t\t\t<div class=\"elementor-element elementor-element-1ebd33e elementor-widget elementor-widget-text-editor\" data-id=\"1ebd33e\" data-element_type=\"widget\" data-e-type=\"widget\" data-widget_type=\"text-editor.default\">\n\t\t\t\t<div class=\"elementor-widget-container\">\n\t\t\t\t\t\t\t\t\t<p><strong><u>Zusammenfassung:<\/u><\/strong><\/p><p><strong><u> <\/u><\/strong>Wesentliche Merkmale des Systems sind:<\/p>\t\t\t\t\t\t\t\t<\/div>\n\t\t\t\t<\/div>\n\t\t\t\t<div class=\"elementor-element elementor-element-a6955f5 elementor-widget elementor-widget-text-editor\" data-id=\"a6955f5\" data-element_type=\"widget\" data-e-type=\"widget\" data-widget_type=\"text-editor.default\">\n\t\t\t\t<div class=\"elementor-widget-container\">\n\t\t\t\t\t\t\t\t\t<ul><li>enorme Energieeinsparung durch R\u00fcckspeisung, Stromkosten sinken um 85%<\/li><li>geringe W\u00e4rmeentwicklung<\/li><li>Hohe Flexibilit\u00e4t durch eine gro\u00dfe Anzahl unabh\u00e4ngig steuerbarer Kan\u00e4le, welche parallel schaltbar sind zur Abdeckung des gesamten Leistungsspektrums<\/li><li>Komfortable Einstellung der Lastparameter f\u00fcr unterschiedliche Pr\u00fcflinge aus einer Datenbank, Konfiguration eines Testschrankes mit wenigen Mausklicks<\/li><li>\u00dcberwachung der Pr\u00fcflinge auf Ausfall oder sporadisch auftretende Fehler<\/li><li>Effiziente Lokalisierung von Pr\u00fcflingsausf\u00e4llen im Testschrank durch eine grafische Bedienoberfl\u00e4che mit verschiedenen Ansichten in mehreren Ebenen<\/li><li>Dokumentation von Ausf\u00e4llen zur Qualit\u00e4tskontrolle<\/li><li>Autonomer Betrieb bei Verbindungsausfall<\/li><li>Intuitive Bedienung\u00a0<\/li><\/ul>\t\t\t\t\t\t\t\t<\/div>\n\t\t\t\t<\/div>\n\t\t\t\t\t<\/div>\n\t\t<\/div>\n\t\t\t\t\t<\/div>\n\t\t<\/section>\n\t\t\t\t<\/div>\n\t\t","protected":false},"excerpt":{"rendered":"<p>Testschrank TS8 Testsystem f\u00fcr den Burn-in-Test von DC-Stromversorgungen mit Energier\u00fcckspeisung In Verbindung mit der PC-Software zur Steuerung und Visualisierung (\u201eLeitzentrale\u201c) stellt der Testschrank TS8 ein sehr leistungsf\u00e4higes System f\u00fcr den Burn-in-Test von DC-Stromversorgungen in der Serienproduktion dar. Dabei wird die von den Pr\u00fcflingen abgegebene elektrische Leistung nicht in W\u00e4rme umgesetzt, [&hellip;]<\/p>\n","protected":false},"author":2,"featured_media":0,"parent":0,"menu_order":0,"comment_status":"closed","ping_status":"closed","template":"","meta":{"footnotes":""},"class_list":["post-41","page","type-page","status-publish","hentry"],"yoast_head":"<!-- This site is optimized with the Yoast SEO plugin v27.5 - https:\/\/yoast.com\/product\/yoast-seo-wordpress\/ -->\n<title>Testschrank TS8 - Primus Electronic Systems<\/title>\n<meta name=\"robots\" content=\"index, follow, max-snippet:-1, max-image-preview:large, max-video-preview:-1\" \/>\n<link rel=\"canonical\" href=\"https:\/\/www.primuselectronic.de\/index.php\/testschrank-ts8\/\" \/>\n<meta property=\"og:locale\" content=\"de_DE\" \/>\n<meta property=\"og:type\" content=\"article\" \/>\n<meta property=\"og:title\" content=\"Testschrank TS8 - Primus Electronic Systems\" \/>\n<meta property=\"og:description\" content=\"Testschrank TS8 Testsystem f\u00fcr den Burn-in-Test von DC-Stromversorgungen mit Energier\u00fcckspeisung In Verbindung mit der PC-Software zur Steuerung und Visualisierung (\u201eLeitzentrale\u201c) stellt der Testschrank TS8 ein sehr leistungsf\u00e4higes System f\u00fcr den Burn-in-Test von DC-Stromversorgungen in der Serienproduktion dar. Dabei wird die von den Pr\u00fcflingen abgegebene elektrische Leistung nicht in W\u00e4rme umgesetzt, [&hellip;]\" \/>\n<meta property=\"og:url\" content=\"https:\/\/www.primuselectronic.de\/index.php\/testschrank-ts8\/\" \/>\n<meta property=\"og:site_name\" content=\"Primus Electronic Systems\" \/>\n<meta property=\"article:modified_time\" content=\"2020-08-07T15:06:15+00:00\" \/>\n<meta property=\"og:image\" content=\"https:\/\/www.primuselectronic.de\/wp-content\/uploads\/2020\/07\/HPIM1814_freigestellt_klein-768x1024.jpg\" \/>\n<meta name=\"twitter:card\" content=\"summary_large_image\" \/>\n<meta name=\"twitter:label1\" content=\"Gesch\u00e4tzte Lesezeit\" \/>\n\t<meta name=\"twitter:data1\" content=\"2\u00a0Minuten\" \/>\n<script type=\"application\/ld+json\" class=\"yoast-schema-graph\">{\"@context\":\"https:\\\/\\\/schema.org\",\"@graph\":[{\"@type\":\"WebPage\",\"@id\":\"https:\\\/\\\/www.primuselectronic.de\\\/index.php\\\/testschrank-ts8\\\/\",\"url\":\"https:\\\/\\\/www.primuselectronic.de\\\/index.php\\\/testschrank-ts8\\\/\",\"name\":\"Testschrank TS8 - Primus Electronic Systems\",\"isPartOf\":{\"@id\":\"https:\\\/\\\/www.primuselectronic.de\\\/#website\"},\"primaryImageOfPage\":{\"@id\":\"https:\\\/\\\/www.primuselectronic.de\\\/index.php\\\/testschrank-ts8\\\/#primaryimage\"},\"image\":{\"@id\":\"https:\\\/\\\/www.primuselectronic.de\\\/index.php\\\/testschrank-ts8\\\/#primaryimage\"},\"thumbnailUrl\":\"https:\\\/\\\/www.primuselectronic.de\\\/wp-content\\\/uploads\\\/2020\\\/07\\\/HPIM1814_freigestellt_klein-768x1024.jpg\",\"datePublished\":\"2020-07-17T15:59:04+00:00\",\"dateModified\":\"2020-08-07T15:06:15+00:00\",\"breadcrumb\":{\"@id\":\"https:\\\/\\\/www.primuselectronic.de\\\/index.php\\\/testschrank-ts8\\\/#breadcrumb\"},\"inLanguage\":\"de\",\"potentialAction\":[{\"@type\":\"ReadAction\",\"target\":[\"https:\\\/\\\/www.primuselectronic.de\\\/index.php\\\/testschrank-ts8\\\/\"]}]},{\"@type\":\"ImageObject\",\"inLanguage\":\"de\",\"@id\":\"https:\\\/\\\/www.primuselectronic.de\\\/index.php\\\/testschrank-ts8\\\/#primaryimage\",\"url\":\"https:\\\/\\\/www.primuselectronic.de\\\/wp-content\\\/uploads\\\/2020\\\/07\\\/HPIM1814_freigestellt_klein.jpg\",\"contentUrl\":\"https:\\\/\\\/www.primuselectronic.de\\\/wp-content\\\/uploads\\\/2020\\\/07\\\/HPIM1814_freigestellt_klein.jpg\",\"width\":979,\"height\":1306},{\"@type\":\"BreadcrumbList\",\"@id\":\"https:\\\/\\\/www.primuselectronic.de\\\/index.php\\\/testschrank-ts8\\\/#breadcrumb\",\"itemListElement\":[{\"@type\":\"ListItem\",\"position\":1,\"name\":\"Home\",\"item\":\"https:\\\/\\\/www.primuselectronic.de\\\/\"},{\"@type\":\"ListItem\",\"position\":2,\"name\":\"Testschrank TS8\"}]},{\"@type\":\"WebSite\",\"@id\":\"https:\\\/\\\/www.primuselectronic.de\\\/#website\",\"url\":\"https:\\\/\\\/www.primuselectronic.de\\\/\",\"name\":\"Primus Electronic Systems\",\"description\":\"R\u00fcckspeisef\u00e4hige elektronische Lasten\",\"publisher\":{\"@id\":\"https:\\\/\\\/www.primuselectronic.de\\\/#organization\"},\"potentialAction\":[{\"@type\":\"SearchAction\",\"target\":{\"@type\":\"EntryPoint\",\"urlTemplate\":\"https:\\\/\\\/www.primuselectronic.de\\\/?s={search_term_string}\"},\"query-input\":{\"@type\":\"PropertyValueSpecification\",\"valueRequired\":true,\"valueName\":\"search_term_string\"}}],\"inLanguage\":\"de\"},{\"@type\":\"Organization\",\"@id\":\"https:\\\/\\\/www.primuselectronic.de\\\/#organization\",\"name\":\"Primus Electronic Systems\",\"url\":\"https:\\\/\\\/www.primuselectronic.de\\\/\",\"logo\":{\"@type\":\"ImageObject\",\"inLanguage\":\"de\",\"@id\":\"https:\\\/\\\/www.primuselectronic.de\\\/#\\\/schema\\\/logo\\\/image\\\/\",\"url\":\"https:\\\/\\\/www.primuselectronic.de\\\/wp-content\\\/uploads\\\/2020\\\/07\\\/primuslogo.png\",\"contentUrl\":\"https:\\\/\\\/www.primuselectronic.de\\\/wp-content\\\/uploads\\\/2020\\\/07\\\/primuslogo.png\",\"width\":150,\"height\":63,\"caption\":\"Primus Electronic Systems\"},\"image\":{\"@id\":\"https:\\\/\\\/www.primuselectronic.de\\\/#\\\/schema\\\/logo\\\/image\\\/\"}}]}<\/script>\n<!-- \/ Yoast SEO plugin. -->","yoast_head_json":{"title":"Testschrank TS8 - Primus Electronic Systems","robots":{"index":"index","follow":"follow","max-snippet":"max-snippet:-1","max-image-preview":"max-image-preview:large","max-video-preview":"max-video-preview:-1"},"canonical":"https:\/\/www.primuselectronic.de\/index.php\/testschrank-ts8\/","og_locale":"de_DE","og_type":"article","og_title":"Testschrank TS8 - Primus Electronic Systems","og_description":"Testschrank TS8 Testsystem f\u00fcr den Burn-in-Test von DC-Stromversorgungen mit Energier\u00fcckspeisung In Verbindung mit der PC-Software zur Steuerung und Visualisierung (\u201eLeitzentrale\u201c) stellt der Testschrank TS8 ein sehr leistungsf\u00e4higes System f\u00fcr den Burn-in-Test von DC-Stromversorgungen in der Serienproduktion dar. Dabei wird die von den Pr\u00fcflingen abgegebene elektrische Leistung nicht in W\u00e4rme umgesetzt, [&hellip;]","og_url":"https:\/\/www.primuselectronic.de\/index.php\/testschrank-ts8\/","og_site_name":"Primus Electronic Systems","article_modified_time":"2020-08-07T15:06:15+00:00","og_image":[{"url":"https:\/\/www.primuselectronic.de\/wp-content\/uploads\/2020\/07\/HPIM1814_freigestellt_klein-768x1024.jpg","type":"","width":"","height":""}],"twitter_card":"summary_large_image","twitter_misc":{"Gesch\u00e4tzte Lesezeit":"2\u00a0Minuten"},"schema":{"@context":"https:\/\/schema.org","@graph":[{"@type":"WebPage","@id":"https:\/\/www.primuselectronic.de\/index.php\/testschrank-ts8\/","url":"https:\/\/www.primuselectronic.de\/index.php\/testschrank-ts8\/","name":"Testschrank TS8 - Primus Electronic Systems","isPartOf":{"@id":"https:\/\/www.primuselectronic.de\/#website"},"primaryImageOfPage":{"@id":"https:\/\/www.primuselectronic.de\/index.php\/testschrank-ts8\/#primaryimage"},"image":{"@id":"https:\/\/www.primuselectronic.de\/index.php\/testschrank-ts8\/#primaryimage"},"thumbnailUrl":"https:\/\/www.primuselectronic.de\/wp-content\/uploads\/2020\/07\/HPIM1814_freigestellt_klein-768x1024.jpg","datePublished":"2020-07-17T15:59:04+00:00","dateModified":"2020-08-07T15:06:15+00:00","breadcrumb":{"@id":"https:\/\/www.primuselectronic.de\/index.php\/testschrank-ts8\/#breadcrumb"},"inLanguage":"de","potentialAction":[{"@type":"ReadAction","target":["https:\/\/www.primuselectronic.de\/index.php\/testschrank-ts8\/"]}]},{"@type":"ImageObject","inLanguage":"de","@id":"https:\/\/www.primuselectronic.de\/index.php\/testschrank-ts8\/#primaryimage","url":"https:\/\/www.primuselectronic.de\/wp-content\/uploads\/2020\/07\/HPIM1814_freigestellt_klein.jpg","contentUrl":"https:\/\/www.primuselectronic.de\/wp-content\/uploads\/2020\/07\/HPIM1814_freigestellt_klein.jpg","width":979,"height":1306},{"@type":"BreadcrumbList","@id":"https:\/\/www.primuselectronic.de\/index.php\/testschrank-ts8\/#breadcrumb","itemListElement":[{"@type":"ListItem","position":1,"name":"Home","item":"https:\/\/www.primuselectronic.de\/"},{"@type":"ListItem","position":2,"name":"Testschrank TS8"}]},{"@type":"WebSite","@id":"https:\/\/www.primuselectronic.de\/#website","url":"https:\/\/www.primuselectronic.de\/","name":"Primus Electronic Systems","description":"R\u00fcckspeisef\u00e4hige elektronische Lasten","publisher":{"@id":"https:\/\/www.primuselectronic.de\/#organization"},"potentialAction":[{"@type":"SearchAction","target":{"@type":"EntryPoint","urlTemplate":"https:\/\/www.primuselectronic.de\/?s={search_term_string}"},"query-input":{"@type":"PropertyValueSpecification","valueRequired":true,"valueName":"search_term_string"}}],"inLanguage":"de"},{"@type":"Organization","@id":"https:\/\/www.primuselectronic.de\/#organization","name":"Primus Electronic Systems","url":"https:\/\/www.primuselectronic.de\/","logo":{"@type":"ImageObject","inLanguage":"de","@id":"https:\/\/www.primuselectronic.de\/#\/schema\/logo\/image\/","url":"https:\/\/www.primuselectronic.de\/wp-content\/uploads\/2020\/07\/primuslogo.png","contentUrl":"https:\/\/www.primuselectronic.de\/wp-content\/uploads\/2020\/07\/primuslogo.png","width":150,"height":63,"caption":"Primus Electronic Systems"},"image":{"@id":"https:\/\/www.primuselectronic.de\/#\/schema\/logo\/image\/"}}]}},"_links":{"self":[{"href":"https:\/\/www.primuselectronic.de\/index.php\/wp-json\/wp\/v2\/pages\/41","targetHints":{"allow":["GET"]}}],"collection":[{"href":"https:\/\/www.primuselectronic.de\/index.php\/wp-json\/wp\/v2\/pages"}],"about":[{"href":"https:\/\/www.primuselectronic.de\/index.php\/wp-json\/wp\/v2\/types\/page"}],"author":[{"embeddable":true,"href":"https:\/\/www.primuselectronic.de\/index.php\/wp-json\/wp\/v2\/users\/2"}],"replies":[{"embeddable":true,"href":"https:\/\/www.primuselectronic.de\/index.php\/wp-json\/wp\/v2\/comments?post=41"}],"version-history":[{"count":14,"href":"https:\/\/www.primuselectronic.de\/index.php\/wp-json\/wp\/v2\/pages\/41\/revisions"}],"predecessor-version":[{"id":161,"href":"https:\/\/www.primuselectronic.de\/index.php\/wp-json\/wp\/v2\/pages\/41\/revisions\/161"}],"wp:attachment":[{"href":"https:\/\/www.primuselectronic.de\/index.php\/wp-json\/wp\/v2\/media?parent=41"}],"curies":[{"name":"wp","href":"https:\/\/api.w.org\/{rel}","templated":true}]}}