{"id":48,"date":"2020-07-17T17:23:52","date_gmt":"2020-07-17T17:23:52","guid":{"rendered":"https:\/\/staging.primuselectronic.de\/?page_id=48"},"modified":"2020-08-07T15:05:38","modified_gmt":"2020-08-07T15:05:38","slug":"testsystem-ts4","status":"publish","type":"page","link":"https:\/\/www.primuselectronic.de\/index.php\/testsystem-ts4\/","title":{"rendered":"Testsystem TS4"},"content":{"rendered":"\t\t<div data-elementor-type=\"wp-page\" data-elementor-id=\"48\" class=\"elementor elementor-48\">\n\t\t\t\t\t\t<section class=\"elementor-section elementor-top-section elementor-element elementor-element-27a498ee elementor-section-boxed elementor-section-height-default elementor-section-height-default\" data-id=\"27a498ee\" data-element_type=\"section\" data-e-type=\"section\">\n\t\t\t\t\t\t<div class=\"elementor-container elementor-column-gap-default\">\n\t\t\t\t\t<div class=\"elementor-column elementor-col-100 elementor-top-column elementor-element elementor-element-7fedbf6a\" data-id=\"7fedbf6a\" data-element_type=\"column\" data-e-type=\"column\">\n\t\t\t<div class=\"elementor-widget-wrap elementor-element-populated\">\n\t\t\t\t\t\t<div class=\"elementor-element elementor-element-b7f1643 elementor-widget elementor-widget-text-editor\" data-id=\"b7f1643\" data-element_type=\"widget\" data-e-type=\"widget\" data-widget_type=\"text-editor.default\">\n\t\t\t\t<div class=\"elementor-widget-container\">\n\t\t\t\t\t\t\t\t\t<p><span><strong>Testsystem TS<\/strong><\/span><span><strong>4<\/strong><\/span><\/p><p><strong><span>Testsystem mit bis zu 64 bzw. 128 unabh\u00e4ngig regelbaren elektronischen Lasten mit Energier\u00fcckspeisung<\/span><\/strong><\/p>\t\t\t\t\t\t\t\t<\/div>\n\t\t\t\t<\/div>\n\t\t\t\t<section class=\"elementor-section elementor-inner-section elementor-element elementor-element-d605c73 elementor-section-boxed elementor-section-height-default elementor-section-height-default\" data-id=\"d605c73\" data-element_type=\"section\" data-e-type=\"section\">\n\t\t\t\t\t\t<div class=\"elementor-container elementor-column-gap-default\">\n\t\t\t\t\t<div class=\"elementor-column elementor-col-50 elementor-inner-column elementor-element elementor-element-b8559ba\" data-id=\"b8559ba\" data-element_type=\"column\" data-e-type=\"column\">\n\t\t\t<div class=\"elementor-widget-wrap elementor-element-populated\">\n\t\t\t\t\t\t<div class=\"elementor-element elementor-element-b1251ba elementor-widget elementor-widget-text-editor\" data-id=\"b1251ba\" data-element_type=\"widget\" data-e-type=\"widget\" data-widget_type=\"text-editor.default\">\n\t\t\t\t<div class=\"elementor-widget-container\">\n\t\t\t\t\t\t\t\t\t<p><\/p>\n<ul>\n<li>bis zu 4kW Gesamtleistung (bis zu 8kW mit Erweiterungseinheit)<\/li>\n<li>60W pro Lastkanal (3&#8230;60VDC, 0&#8230;5ADC)<\/li>\n<li>Energie-R\u00fcckspeisung<br \/>\n<ul>\n<li>hohe Energieeinsparung<\/li>\n<li>geringe W\u00e4rmeentwicklung<\/li>\n<\/ul>\n<\/li>\n<\/ul>\n<p><\/p>\t\t\t\t\t\t\t\t<\/div>\n\t\t\t\t<\/div>\n\t\t\t\t\t<\/div>\n\t\t<\/div>\n\t\t\t\t<div class=\"elementor-column elementor-col-50 elementor-inner-column elementor-element elementor-element-2ece8aa\" data-id=\"2ece8aa\" data-element_type=\"column\" data-e-type=\"column\">\n\t\t\t<div class=\"elementor-widget-wrap elementor-element-populated\">\n\t\t\t\t\t\t<div class=\"elementor-element elementor-element-de532c8 elementor-widget elementor-widget-image\" data-id=\"de532c8\" data-element_type=\"widget\" data-e-type=\"widget\" data-widget_type=\"image.default\">\n\t\t\t\t<div class=\"elementor-widget-container\">\n\t\t\t\t\t\t\t\t\t\t\t\t\t\t\t\t<a href=\"https:\/\/staging.primuselectronic.de\/wp-content\/uploads\/2020\/07\/TS4-schr\u00e4g-freigestellt-scaled.jpg\" data-elementor-open-lightbox=\"yes\" data-elementor-lightbox-title=\"Testsystem TS4\" data-e-action-hash=\"#elementor-action%3Aaction%3Dlightbox%26settings%3DeyJpZCI6NTEsInVybCI6Imh0dHBzOlwvXC93d3cucHJpbXVzZWxlY3Ryb25pYy5kZVwvd3AtY29udGVudFwvdXBsb2Fkc1wvMjAyMFwvMDdcL1RTNC1zY2hyXHUwMGU0Zy1mcmVpZ2VzdGVsbHQtc2NhbGVkLmpwZyJ9\">\n\t\t\t\t\t\t\t<img fetchpriority=\"high\" decoding=\"async\" width=\"750\" height=\"563\" src=\"https:\/\/www.primuselectronic.de\/wp-content\/uploads\/2020\/07\/TS4-schr\u00e4g-freigestellt-1024x768.jpg\" class=\"attachment-large size-large wp-image-51\" alt=\"\" srcset=\"https:\/\/www.primuselectronic.de\/wp-content\/uploads\/2020\/07\/TS4-schr\u00e4g-freigestellt-1024x768.jpg 1024w, https:\/\/www.primuselectronic.de\/wp-content\/uploads\/2020\/07\/TS4-schr\u00e4g-freigestellt-300x225.jpg 300w, https:\/\/www.primuselectronic.de\/wp-content\/uploads\/2020\/07\/TS4-schr\u00e4g-freigestellt-768x576.jpg 768w, https:\/\/www.primuselectronic.de\/wp-content\/uploads\/2020\/07\/TS4-schr\u00e4g-freigestellt-1536x1152.jpg 1536w, https:\/\/www.primuselectronic.de\/wp-content\/uploads\/2020\/07\/TS4-schr\u00e4g-freigestellt-2048x1536.jpg 2048w\" sizes=\"(max-width: 750px) 100vw, 750px\" \/>\t\t\t\t\t\t\t\t<\/a>\n\t\t\t\t\t\t\t\t\t\t\t\t\t\t\t<\/div>\n\t\t\t\t<\/div>\n\t\t\t\t\t<\/div>\n\t\t<\/div>\n\t\t\t\t\t<\/div>\n\t\t<\/section>\n\t\t\t\t<div class=\"elementor-element elementor-element-7663ac5 elementor-widget elementor-widget-text-editor\" data-id=\"7663ac5\" data-element_type=\"widget\" data-e-type=\"widget\" data-widget_type=\"text-editor.default\">\n\t\t\t\t<div class=\"elementor-widget-container\">\n\t\t\t\t\t\t\t\t\t<p><\/p>\n<ul>\n<li>Kontinuierliche \u00dcberwachung der Ist-Werte von Strom und Spannung aller Lastkan\u00e4le<\/li>\n<li>Sehr flexibel<br \/>\n<ul>\n<li>Lastkan\u00e4le sind beliebig parallel schaltbar f\u00fcr gr\u00f6\u00dfere Leistung und gr\u00f6\u00dfere Str\u00f6me<\/li>\n<\/ul>\n<\/li>\n<li>Leistungsf\u00e4hige Software f\u00fcr PC<br \/>\n<ul>\n<li>Effiziente Konfiguration der Lastkan\u00e4le \u00fcber eine intuitive grafische Benutzeroberfl\u00e4che<\/li>\n<li>Schnelle Konfiguration f\u00fcr unterschiedliche Pr\u00fcflinge aus einer Datenbank, Konfiguration eines Testsetup mit wenigen Mausklicks<\/li>\n<li>Visualisierung der aktuellen Ist-Werte von Spannung und Strom aller Lastkan\u00e4le<\/li>\n<li>Visualisierung und Dokumentation von Pr\u00fcflings-Ausf\u00e4llen oder sporadischen Fehlern<\/li>\n<\/ul>\n<\/li>\n<\/ul>\n<p><\/p>\t\t\t\t\t\t\t\t<\/div>\n\t\t\t\t<\/div>\n\t\t\t\t<div class=\"elementor-element elementor-element-f9a4660 elementor-widget elementor-widget-text-editor\" data-id=\"f9a4660\" data-element_type=\"widget\" data-e-type=\"widget\" data-widget_type=\"text-editor.default\">\n\t\t\t\t<div class=\"elementor-widget-container\">\n\t\t\t\t\t\t\t\t\t<p><strong>Das Testsystem TS4 kann universell eingesetzt werden z.B. f\u00fcr<\/strong><\/p>\t\t\t\t\t\t\t\t<\/div>\n\t\t\t\t<\/div>\n\t\t\t\t<div class=\"elementor-element elementor-element-206b068a elementor-widget elementor-widget-text-editor\" data-id=\"206b068a\" data-element_type=\"widget\" data-e-type=\"widget\" data-widget_type=\"text-editor.default\">\n\t\t\t\t<div class=\"elementor-widget-container\">\n\t\t\t\t\t\t\t\t\t<ul><li>Dauertest von DC-Stromversorgungen<\/li><li>Test von Brennstoffzellen<\/li><li>Akkumulatoren- und Batterietests<\/li><li>viele andere Anwendungen f\u00fcr elektronische Lasten<\/li><\/ul>\t\t\t\t\t\t\t\t<\/div>\n\t\t\t\t<\/div>\n\t\t\t\t<div class=\"elementor-element elementor-element-727846e elementor-widget elementor-widget-text-editor\" data-id=\"727846e\" data-element_type=\"widget\" data-e-type=\"widget\" data-widget_type=\"text-editor.default\">\n\t\t\t\t<div class=\"elementor-widget-container\">\n\t\t\t\t\t\t\t\t\t<p>In Verbindung mit der PC-Software zur Steuerung und Visualisierung stellt das Testsystem TS4 ein sehr leistungsf\u00e4higes System von vielen unabh\u00e4ngig regelbaren elektronischen Lasten mit kontinuierlicher \u00dcberwachung der Pr\u00fcflinge dar. Dabei wird die von den Pr\u00fcflingen abgegebene elektrische Leistung nicht in W\u00e4rme umgesetzt, sondern wieder in das Stromnetz zur\u00fcckgespeist.<br \/>Je nach Best\u00fcckung mit den Senkeneinsch\u00fcben CS960 kann eine gro\u00dfe Zahl von Pr\u00fcflingen gleichzeitig getestet werden. Das Testsystem TS4 kann bis zu 4 Senkeneinsch\u00fcbe CS960 aufnehmen. Jeder Senkeneinschub hat 16 unabh\u00e4ngig regelbare Lastkan\u00e4le, soda\u00df bis zu 64 Pr\u00fcflinge gleichzeitig getestet werden k\u00f6nnen.<br \/>Jeder Lastkanal ist f\u00fcr eine Spannung bis zu 60V, einem Strom bis zu 5A und einer Leistung bis zu 60W ausgelegt. F\u00fcr Pr\u00fcflinge mit Leistungen bis zu 960W k\u00f6nnen bis zu 16 Kan\u00e4le parallel geschaltet werden. Die Testleistung des Ger\u00e4tes betr\u00e4gt insgesamt bis zu 4kW.<br \/>W\u00e4hrend des Testbetriebes werden die Pr\u00fcflinge kontinuierlich auf einwandfreie Funktion hin \u00fcberwacht. Die \u00dcberwachungsparameter (z.B. Mindestspannung, Maximalspannung, Strom etc.) sind f\u00fcr jeden Kanal frei einstellbar.<br \/>Das Ger\u00e4t hat r\u00fcckseitig ein Steckfeld mit 4mm-Buchsen zum Anschlu\u00df der Pr\u00fcflinge. Je 8 Kan\u00e4le sind \u00fcber einen gemeinsamen Minusanschlu\u00df galvanisch verbunden.<br \/>Prinzipiell ist das Testsystem autark betreibbar. Die Stromsenken k\u00f6nnen \u00fcber die frontseitigen Bedientasten vollst\u00e4ndig konfiguriert werden (Vorgabe der Sollwerte und der \u00dcberwachungsparameter). \u00dcber die 7-Segment- und LED-Anzeigen werden St\u00f6rungen der Senken (Eigen\u00fcberwachung) und Ausf\u00e4lle der Pr\u00fcflinge angezeigt.<br \/>Normalerweise wird jedoch die Bedienung der Stromsenken \u00fcber die PC-Software erfolgen. Diese Software l\u00e4uft auf einem \u00fcblichen PC und erm\u00f6glicht die Vorgabe von Sollwerten und die Visualisierung von Istwerten \u00fcber eine \u00fcbersichtliche grafische Bedienoberfl\u00e4che. Verschiedene Ansichten in mehreren Ebenen (Schrankebene, Senkenebene, Kanalebene) erm\u00f6glichen die rasche Lokalisierung von Pr\u00fcflingsausf\u00e4llen im Testfeld. Ausf\u00e4lle werden in einem Logfile dokumentiert.<br \/>Die datentechnische Anbindung des Testsystems TS4 an die PC-Software erfolgt \u00fcber Ethernet.<br \/>\u00dcber diskrete Steuereing\u00e4nge k\u00f6nnen bis zu 8 verschiedene Testkonfigurationen sowie die Test-Freigabe aktiviert werden.<br \/>Bei Bedarf kann eine Slave-Einheit mit weiteren 64 Lastkan\u00e4len \u00fcber zwei r\u00fcckseitige Steckverbindungen mit dem Master-Ger\u00e4t verbunden werden.<\/p>\t\t\t\t\t\t\t\t<\/div>\n\t\t\t\t<\/div>\n\t\t\t\t\t<\/div>\n\t\t<\/div>\n\t\t\t\t\t<\/div>\n\t\t<\/section>\n\t\t\t\t<\/div>\n\t\t","protected":false},"excerpt":{"rendered":"<p>Testsystem TS4 Testsystem mit bis zu 64 bzw. 128 unabh\u00e4ngig regelbaren elektronischen Lasten mit Energier\u00fcckspeisung bis zu 4kW Gesamtleistung (bis zu 8kW mit Erweiterungseinheit) 60W pro Lastkanal (3&#8230;60VDC, 0&#8230;5ADC) Energie-R\u00fcckspeisung hohe Energieeinsparung geringe W\u00e4rmeentwicklung Kontinuierliche \u00dcberwachung der Ist-Werte von Strom und Spannung aller Lastkan\u00e4le Sehr flexibel Lastkan\u00e4le sind beliebig parallel [&hellip;]<\/p>\n","protected":false},"author":2,"featured_media":0,"parent":0,"menu_order":0,"comment_status":"closed","ping_status":"closed","template":"","meta":{"footnotes":""},"class_list":["post-48","page","type-page","status-publish","hentry"],"yoast_head":"<!-- This site is optimized with the Yoast SEO plugin v27.5 - https:\/\/yoast.com\/product\/yoast-seo-wordpress\/ -->\n<title>Testsystem TS4 - Primus Electronic Systems<\/title>\n<meta name=\"robots\" content=\"index, follow, max-snippet:-1, max-image-preview:large, max-video-preview:-1\" \/>\n<link rel=\"canonical\" href=\"https:\/\/www.primuselectronic.de\/index.php\/testsystem-ts4\/\" \/>\n<meta property=\"og:locale\" content=\"de_DE\" \/>\n<meta property=\"og:type\" content=\"article\" \/>\n<meta property=\"og:title\" content=\"Testsystem TS4 - Primus Electronic Systems\" \/>\n<meta property=\"og:description\" content=\"Testsystem TS4 Testsystem mit bis zu 64 bzw. 128 unabh\u00e4ngig regelbaren elektronischen Lasten mit Energier\u00fcckspeisung bis zu 4kW Gesamtleistung (bis zu 8kW mit Erweiterungseinheit) 60W pro Lastkanal (3&#8230;60VDC, 0&#8230;5ADC) Energie-R\u00fcckspeisung hohe Energieeinsparung geringe W\u00e4rmeentwicklung Kontinuierliche \u00dcberwachung der Ist-Werte von Strom und Spannung aller Lastkan\u00e4le Sehr flexibel Lastkan\u00e4le sind beliebig parallel [&hellip;]\" \/>\n<meta property=\"og:url\" content=\"https:\/\/www.primuselectronic.de\/index.php\/testsystem-ts4\/\" \/>\n<meta property=\"og:site_name\" content=\"Primus Electronic Systems\" \/>\n<meta property=\"article:modified_time\" content=\"2020-08-07T15:05:38+00:00\" \/>\n<meta property=\"og:image\" content=\"https:\/\/www.primuselectronic.de\/wp-content\/uploads\/2020\/07\/TS4-schr\u00e4g-freigestellt-1024x768.jpg\" \/>\n<meta name=\"twitter:card\" content=\"summary_large_image\" \/>\n<meta name=\"twitter:label1\" content=\"Gesch\u00e4tzte Lesezeit\" \/>\n\t<meta name=\"twitter:data1\" content=\"3\u00a0Minuten\" \/>\n<script type=\"application\/ld+json\" class=\"yoast-schema-graph\">{\"@context\":\"https:\\\/\\\/schema.org\",\"@graph\":[{\"@type\":\"WebPage\",\"@id\":\"https:\\\/\\\/www.primuselectronic.de\\\/index.php\\\/testsystem-ts4\\\/\",\"url\":\"https:\\\/\\\/www.primuselectronic.de\\\/index.php\\\/testsystem-ts4\\\/\",\"name\":\"Testsystem TS4 - Primus Electronic Systems\",\"isPartOf\":{\"@id\":\"https:\\\/\\\/www.primuselectronic.de\\\/#website\"},\"datePublished\":\"2020-07-17T17:23:52+00:00\",\"dateModified\":\"2020-08-07T15:05:38+00:00\",\"breadcrumb\":{\"@id\":\"https:\\\/\\\/www.primuselectronic.de\\\/index.php\\\/testsystem-ts4\\\/#breadcrumb\"},\"inLanguage\":\"de\",\"potentialAction\":[{\"@type\":\"ReadAction\",\"target\":[\"https:\\\/\\\/www.primuselectronic.de\\\/index.php\\\/testsystem-ts4\\\/\"]}]},{\"@type\":\"BreadcrumbList\",\"@id\":\"https:\\\/\\\/www.primuselectronic.de\\\/index.php\\\/testsystem-ts4\\\/#breadcrumb\",\"itemListElement\":[{\"@type\":\"ListItem\",\"position\":1,\"name\":\"Home\",\"item\":\"https:\\\/\\\/www.primuselectronic.de\\\/\"},{\"@type\":\"ListItem\",\"position\":2,\"name\":\"Testsystem TS4\"}]},{\"@type\":\"WebSite\",\"@id\":\"https:\\\/\\\/www.primuselectronic.de\\\/#website\",\"url\":\"https:\\\/\\\/www.primuselectronic.de\\\/\",\"name\":\"Primus Electronic Systems\",\"description\":\"R\u00fcckspeisef\u00e4hige elektronische Lasten\",\"publisher\":{\"@id\":\"https:\\\/\\\/www.primuselectronic.de\\\/#organization\"},\"potentialAction\":[{\"@type\":\"SearchAction\",\"target\":{\"@type\":\"EntryPoint\",\"urlTemplate\":\"https:\\\/\\\/www.primuselectronic.de\\\/?s={search_term_string}\"},\"query-input\":{\"@type\":\"PropertyValueSpecification\",\"valueRequired\":true,\"valueName\":\"search_term_string\"}}],\"inLanguage\":\"de\"},{\"@type\":\"Organization\",\"@id\":\"https:\\\/\\\/www.primuselectronic.de\\\/#organization\",\"name\":\"Primus Electronic Systems\",\"url\":\"https:\\\/\\\/www.primuselectronic.de\\\/\",\"logo\":{\"@type\":\"ImageObject\",\"inLanguage\":\"de\",\"@id\":\"https:\\\/\\\/www.primuselectronic.de\\\/#\\\/schema\\\/logo\\\/image\\\/\",\"url\":\"https:\\\/\\\/www.primuselectronic.de\\\/wp-content\\\/uploads\\\/2020\\\/07\\\/primuslogo.png\",\"contentUrl\":\"https:\\\/\\\/www.primuselectronic.de\\\/wp-content\\\/uploads\\\/2020\\\/07\\\/primuslogo.png\",\"width\":150,\"height\":63,\"caption\":\"Primus Electronic Systems\"},\"image\":{\"@id\":\"https:\\\/\\\/www.primuselectronic.de\\\/#\\\/schema\\\/logo\\\/image\\\/\"}}]}<\/script>\n<!-- \/ Yoast SEO plugin. -->","yoast_head_json":{"title":"Testsystem TS4 - Primus Electronic Systems","robots":{"index":"index","follow":"follow","max-snippet":"max-snippet:-1","max-image-preview":"max-image-preview:large","max-video-preview":"max-video-preview:-1"},"canonical":"https:\/\/www.primuselectronic.de\/index.php\/testsystem-ts4\/","og_locale":"de_DE","og_type":"article","og_title":"Testsystem TS4 - Primus Electronic Systems","og_description":"Testsystem TS4 Testsystem mit bis zu 64 bzw. 128 unabh\u00e4ngig regelbaren elektronischen Lasten mit Energier\u00fcckspeisung bis zu 4kW Gesamtleistung (bis zu 8kW mit Erweiterungseinheit) 60W pro Lastkanal (3&#8230;60VDC, 0&#8230;5ADC) Energie-R\u00fcckspeisung hohe Energieeinsparung geringe W\u00e4rmeentwicklung Kontinuierliche \u00dcberwachung der Ist-Werte von Strom und Spannung aller Lastkan\u00e4le Sehr flexibel Lastkan\u00e4le sind beliebig parallel [&hellip;]","og_url":"https:\/\/www.primuselectronic.de\/index.php\/testsystem-ts4\/","og_site_name":"Primus Electronic Systems","article_modified_time":"2020-08-07T15:05:38+00:00","og_image":[{"url":"https:\/\/www.primuselectronic.de\/wp-content\/uploads\/2020\/07\/TS4-schr\u00e4g-freigestellt-1024x768.jpg","type":"","width":"","height":""}],"twitter_card":"summary_large_image","twitter_misc":{"Gesch\u00e4tzte Lesezeit":"3\u00a0Minuten"},"schema":{"@context":"https:\/\/schema.org","@graph":[{"@type":"WebPage","@id":"https:\/\/www.primuselectronic.de\/index.php\/testsystem-ts4\/","url":"https:\/\/www.primuselectronic.de\/index.php\/testsystem-ts4\/","name":"Testsystem TS4 - Primus Electronic Systems","isPartOf":{"@id":"https:\/\/www.primuselectronic.de\/#website"},"datePublished":"2020-07-17T17:23:52+00:00","dateModified":"2020-08-07T15:05:38+00:00","breadcrumb":{"@id":"https:\/\/www.primuselectronic.de\/index.php\/testsystem-ts4\/#breadcrumb"},"inLanguage":"de","potentialAction":[{"@type":"ReadAction","target":["https:\/\/www.primuselectronic.de\/index.php\/testsystem-ts4\/"]}]},{"@type":"BreadcrumbList","@id":"https:\/\/www.primuselectronic.de\/index.php\/testsystem-ts4\/#breadcrumb","itemListElement":[{"@type":"ListItem","position":1,"name":"Home","item":"https:\/\/www.primuselectronic.de\/"},{"@type":"ListItem","position":2,"name":"Testsystem TS4"}]},{"@type":"WebSite","@id":"https:\/\/www.primuselectronic.de\/#website","url":"https:\/\/www.primuselectronic.de\/","name":"Primus Electronic Systems","description":"R\u00fcckspeisef\u00e4hige elektronische Lasten","publisher":{"@id":"https:\/\/www.primuselectronic.de\/#organization"},"potentialAction":[{"@type":"SearchAction","target":{"@type":"EntryPoint","urlTemplate":"https:\/\/www.primuselectronic.de\/?s={search_term_string}"},"query-input":{"@type":"PropertyValueSpecification","valueRequired":true,"valueName":"search_term_string"}}],"inLanguage":"de"},{"@type":"Organization","@id":"https:\/\/www.primuselectronic.de\/#organization","name":"Primus Electronic Systems","url":"https:\/\/www.primuselectronic.de\/","logo":{"@type":"ImageObject","inLanguage":"de","@id":"https:\/\/www.primuselectronic.de\/#\/schema\/logo\/image\/","url":"https:\/\/www.primuselectronic.de\/wp-content\/uploads\/2020\/07\/primuslogo.png","contentUrl":"https:\/\/www.primuselectronic.de\/wp-content\/uploads\/2020\/07\/primuslogo.png","width":150,"height":63,"caption":"Primus Electronic Systems"},"image":{"@id":"https:\/\/www.primuselectronic.de\/#\/schema\/logo\/image\/"}}]}},"_links":{"self":[{"href":"https:\/\/www.primuselectronic.de\/index.php\/wp-json\/wp\/v2\/pages\/48","targetHints":{"allow":["GET"]}}],"collection":[{"href":"https:\/\/www.primuselectronic.de\/index.php\/wp-json\/wp\/v2\/pages"}],"about":[{"href":"https:\/\/www.primuselectronic.de\/index.php\/wp-json\/wp\/v2\/types\/page"}],"author":[{"embeddable":true,"href":"https:\/\/www.primuselectronic.de\/index.php\/wp-json\/wp\/v2\/users\/2"}],"replies":[{"embeddable":true,"href":"https:\/\/www.primuselectronic.de\/index.php\/wp-json\/wp\/v2\/comments?post=48"}],"version-history":[{"count":16,"href":"https:\/\/www.primuselectronic.de\/index.php\/wp-json\/wp\/v2\/pages\/48\/revisions"}],"predecessor-version":[{"id":160,"href":"https:\/\/www.primuselectronic.de\/index.php\/wp-json\/wp\/v2\/pages\/48\/revisions\/160"}],"wp:attachment":[{"href":"https:\/\/www.primuselectronic.de\/index.php\/wp-json\/wp\/v2\/media?parent=48"}],"curies":[{"name":"wp","href":"https:\/\/api.w.org\/{rel}","templated":true}]}}