{"id":56,"date":"2020-07-17T17:31:20","date_gmt":"2020-07-17T17:31:20","guid":{"rendered":"https:\/\/staging.primuselectronic.de\/?page_id=56"},"modified":"2020-08-07T15:08:23","modified_gmt":"2020-08-07T15:08:23","slug":"einzelkomponenten","status":"publish","type":"page","link":"https:\/\/www.primuselectronic.de\/index.php\/einzelkomponenten\/","title":{"rendered":"Einzelkomponenten"},"content":{"rendered":"\t\t<div data-elementor-type=\"wp-page\" data-elementor-id=\"56\" class=\"elementor elementor-56\">\n\t\t\t\t\t\t<section class=\"elementor-section elementor-top-section elementor-element elementor-element-d03c6b2 elementor-section-boxed elementor-section-height-default elementor-section-height-default\" data-id=\"d03c6b2\" data-element_type=\"section\" data-e-type=\"section\">\n\t\t\t\t\t\t<div class=\"elementor-container elementor-column-gap-default\">\n\t\t\t\t\t<div class=\"elementor-column elementor-col-100 elementor-top-column elementor-element elementor-element-426cb76f\" data-id=\"426cb76f\" data-element_type=\"column\" data-e-type=\"column\">\n\t\t\t<div class=\"elementor-widget-wrap elementor-element-populated\">\n\t\t\t\t\t\t<div class=\"elementor-element elementor-element-fd6f39d elementor-widget elementor-widget-text-editor\" data-id=\"fd6f39d\" data-element_type=\"widget\" data-e-type=\"widget\" data-widget_type=\"text-editor.default\">\n\t\t\t\t<div class=\"elementor-widget-container\">\n\t\t\t\t\t\t\t\t\t<p><span><strong>Unsere Testsysteme bestehen im Wesentlichen aus folgenden Kernkomponenten:<\/strong><\/span><\/p>\t\t\t\t\t\t\t\t<\/div>\n\t\t\t\t<\/div>\n\t\t\t\t<div class=\"elementor-element elementor-element-be555dc elementor-widget elementor-widget-text-editor\" data-id=\"be555dc\" data-element_type=\"widget\" data-e-type=\"widget\" data-widget_type=\"text-editor.default\">\n\t\t\t\t<div class=\"elementor-widget-container\">\n\t\t\t\t\t\t\t\t\t<ul><li><span>Stromsenken-Einschub CS960 mit Energier\u00fcckspeisung<br \/><\/span><\/li><li><span>R\u00fcckspeise-Einheiten verschiedener Leistungsstufen<br \/><\/span><\/li><li><span>PC-Software zur Steuerung, Konfiguration und Visualisierung des Testvorganges<br \/><\/span><\/li><li><span>CAN-Bus-Ethernet-Gateway<\/span><\/li><li><span>Baugruppentr\u00e4ger f\u00fcr 4 oder 8 Stromsenken-Einsch\u00fcbe mit Backplane und Zwangsk\u00fchlung<\/span><\/li><\/ul>\t\t\t\t\t\t\t\t<\/div>\n\t\t\t\t<\/div>\n\t\t\t\t<div class=\"elementor-element elementor-element-15a1687 elementor-widget elementor-widget-text-editor\" data-id=\"15a1687\" data-element_type=\"widget\" data-e-type=\"widget\" data-widget_type=\"text-editor.default\">\n\t\t\t\t<div class=\"elementor-widget-container\">\n\t\t\t\t\t\t\t\t\t<p>In der Regel liefern wir betriebsbereite Testsysteme aus. Falls jedoch eine mechanische und datentechnische Integration in eine bestehende Testumgebung durch den Kunden selbst erfolgen soll, sind die Kernkomponenten f\u00fcr ein Testsystem auch einzeln lieferbar.<\/p>\t\t\t\t\t\t\t\t<\/div>\n\t\t\t\t<\/div>\n\t\t\t\t<div class=\"elementor-element elementor-element-3ec692b elementor-widget elementor-widget-image\" data-id=\"3ec692b\" data-element_type=\"widget\" data-e-type=\"widget\" data-widget_type=\"image.default\">\n\t\t\t\t<div class=\"elementor-widget-container\">\n\t\t\t\t\t\t\t\t\t\t\t\t\t\t\t<img fetchpriority=\"high\" decoding=\"async\" width=\"635\" height=\"436\" src=\"https:\/\/www.primuselectronic.de\/wp-content\/uploads\/2020\/07\/AD_V1.gif\" class=\"attachment-large size-large wp-image-59\" alt=\"\" \/>\t\t\t\t\t\t\t\t\t\t\t\t\t\t\t<\/div>\n\t\t\t\t<\/div>\n\t\t\t\t\t<\/div>\n\t\t<\/div>\n\t\t\t\t\t<\/div>\n\t\t<\/section>\n\t\t\t\t<\/div>\n\t\t","protected":false},"excerpt":{"rendered":"<p>Unsere Testsysteme bestehen im Wesentlichen aus folgenden Kernkomponenten: Stromsenken-Einschub CS960 mit Energier\u00fcckspeisung R\u00fcckspeise-Einheiten verschiedener Leistungsstufen PC-Software zur Steuerung, Konfiguration und Visualisierung des Testvorganges CAN-Bus-Ethernet-Gateway Baugruppentr\u00e4ger f\u00fcr 4 oder 8 Stromsenken-Einsch\u00fcbe mit Backplane und Zwangsk\u00fchlung In der Regel liefern wir betriebsbereite Testsysteme aus. Falls jedoch eine mechanische und datentechnische Integration in [&hellip;]<\/p>\n","protected":false},"author":2,"featured_media":0,"parent":0,"menu_order":0,"comment_status":"closed","ping_status":"closed","template":"","meta":{"footnotes":""},"class_list":["post-56","page","type-page","status-publish","hentry"],"yoast_head":"<!-- This site is optimized with the Yoast SEO plugin v27.5 - https:\/\/yoast.com\/product\/yoast-seo-wordpress\/ -->\n<title>Einzelkomponenten - Primus Electronic Systems<\/title>\n<meta name=\"robots\" content=\"index, follow, max-snippet:-1, max-image-preview:large, max-video-preview:-1\" \/>\n<link rel=\"canonical\" href=\"https:\/\/www.primuselectronic.de\/index.php\/einzelkomponenten\/\" \/>\n<meta property=\"og:locale\" content=\"de_DE\" \/>\n<meta property=\"og:type\" content=\"article\" \/>\n<meta property=\"og:title\" content=\"Einzelkomponenten - Primus Electronic Systems\" \/>\n<meta property=\"og:description\" content=\"Unsere Testsysteme bestehen im Wesentlichen aus folgenden Kernkomponenten: Stromsenken-Einschub CS960 mit Energier\u00fcckspeisung R\u00fcckspeise-Einheiten verschiedener Leistungsstufen PC-Software zur Steuerung, Konfiguration und Visualisierung des Testvorganges CAN-Bus-Ethernet-Gateway Baugruppentr\u00e4ger f\u00fcr 4 oder 8 Stromsenken-Einsch\u00fcbe mit Backplane und Zwangsk\u00fchlung In der Regel liefern wir betriebsbereite Testsysteme aus. Falls jedoch eine mechanische und datentechnische Integration in [&hellip;]\" \/>\n<meta property=\"og:url\" content=\"https:\/\/www.primuselectronic.de\/index.php\/einzelkomponenten\/\" \/>\n<meta property=\"og:site_name\" content=\"Primus Electronic Systems\" \/>\n<meta property=\"article:modified_time\" content=\"2020-08-07T15:08:23+00:00\" \/>\n<meta property=\"og:image\" content=\"https:\/\/www.primuselectronic.de\/wp-content\/uploads\/2020\/07\/AD_V1.gif\" \/>\n<meta name=\"twitter:card\" content=\"summary_large_image\" \/>\n<script type=\"application\/ld+json\" class=\"yoast-schema-graph\">{\"@context\":\"https:\\\/\\\/schema.org\",\"@graph\":[{\"@type\":\"WebPage\",\"@id\":\"https:\\\/\\\/www.primuselectronic.de\\\/index.php\\\/einzelkomponenten\\\/\",\"url\":\"https:\\\/\\\/www.primuselectronic.de\\\/index.php\\\/einzelkomponenten\\\/\",\"name\":\"Einzelkomponenten - Primus Electronic Systems\",\"isPartOf\":{\"@id\":\"https:\\\/\\\/www.primuselectronic.de\\\/#website\"},\"primaryImageOfPage\":{\"@id\":\"https:\\\/\\\/www.primuselectronic.de\\\/index.php\\\/einzelkomponenten\\\/#primaryimage\"},\"image\":{\"@id\":\"https:\\\/\\\/www.primuselectronic.de\\\/index.php\\\/einzelkomponenten\\\/#primaryimage\"},\"thumbnailUrl\":\"https:\\\/\\\/www.primuselectronic.de\\\/wp-content\\\/uploads\\\/2020\\\/07\\\/AD_V1.gif\",\"datePublished\":\"2020-07-17T17:31:20+00:00\",\"dateModified\":\"2020-08-07T15:08:23+00:00\",\"breadcrumb\":{\"@id\":\"https:\\\/\\\/www.primuselectronic.de\\\/index.php\\\/einzelkomponenten\\\/#breadcrumb\"},\"inLanguage\":\"de\",\"potentialAction\":[{\"@type\":\"ReadAction\",\"target\":[\"https:\\\/\\\/www.primuselectronic.de\\\/index.php\\\/einzelkomponenten\\\/\"]}]},{\"@type\":\"ImageObject\",\"inLanguage\":\"de\",\"@id\":\"https:\\\/\\\/www.primuselectronic.de\\\/index.php\\\/einzelkomponenten\\\/#primaryimage\",\"url\":\"https:\\\/\\\/www.primuselectronic.de\\\/wp-content\\\/uploads\\\/2020\\\/07\\\/AD_V1.gif\",\"contentUrl\":\"https:\\\/\\\/www.primuselectronic.de\\\/wp-content\\\/uploads\\\/2020\\\/07\\\/AD_V1.gif\",\"width\":635,\"height\":436},{\"@type\":\"BreadcrumbList\",\"@id\":\"https:\\\/\\\/www.primuselectronic.de\\\/index.php\\\/einzelkomponenten\\\/#breadcrumb\",\"itemListElement\":[{\"@type\":\"ListItem\",\"position\":1,\"name\":\"Home\",\"item\":\"https:\\\/\\\/www.primuselectronic.de\\\/\"},{\"@type\":\"ListItem\",\"position\":2,\"name\":\"Einzelkomponenten\"}]},{\"@type\":\"WebSite\",\"@id\":\"https:\\\/\\\/www.primuselectronic.de\\\/#website\",\"url\":\"https:\\\/\\\/www.primuselectronic.de\\\/\",\"name\":\"Primus Electronic Systems\",\"description\":\"R\u00fcckspeisef\u00e4hige elektronische Lasten\",\"publisher\":{\"@id\":\"https:\\\/\\\/www.primuselectronic.de\\\/#organization\"},\"potentialAction\":[{\"@type\":\"SearchAction\",\"target\":{\"@type\":\"EntryPoint\",\"urlTemplate\":\"https:\\\/\\\/www.primuselectronic.de\\\/?s={search_term_string}\"},\"query-input\":{\"@type\":\"PropertyValueSpecification\",\"valueRequired\":true,\"valueName\":\"search_term_string\"}}],\"inLanguage\":\"de\"},{\"@type\":\"Organization\",\"@id\":\"https:\\\/\\\/www.primuselectronic.de\\\/#organization\",\"name\":\"Primus Electronic Systems\",\"url\":\"https:\\\/\\\/www.primuselectronic.de\\\/\",\"logo\":{\"@type\":\"ImageObject\",\"inLanguage\":\"de\",\"@id\":\"https:\\\/\\\/www.primuselectronic.de\\\/#\\\/schema\\\/logo\\\/image\\\/\",\"url\":\"https:\\\/\\\/www.primuselectronic.de\\\/wp-content\\\/uploads\\\/2020\\\/07\\\/primuslogo.png\",\"contentUrl\":\"https:\\\/\\\/www.primuselectronic.de\\\/wp-content\\\/uploads\\\/2020\\\/07\\\/primuslogo.png\",\"width\":150,\"height\":63,\"caption\":\"Primus Electronic Systems\"},\"image\":{\"@id\":\"https:\\\/\\\/www.primuselectronic.de\\\/#\\\/schema\\\/logo\\\/image\\\/\"}}]}<\/script>\n<!-- \/ Yoast SEO plugin. -->","yoast_head_json":{"title":"Einzelkomponenten - Primus Electronic Systems","robots":{"index":"index","follow":"follow","max-snippet":"max-snippet:-1","max-image-preview":"max-image-preview:large","max-video-preview":"max-video-preview:-1"},"canonical":"https:\/\/www.primuselectronic.de\/index.php\/einzelkomponenten\/","og_locale":"de_DE","og_type":"article","og_title":"Einzelkomponenten - Primus Electronic Systems","og_description":"Unsere Testsysteme bestehen im Wesentlichen aus folgenden Kernkomponenten: Stromsenken-Einschub CS960 mit Energier\u00fcckspeisung R\u00fcckspeise-Einheiten verschiedener Leistungsstufen PC-Software zur Steuerung, Konfiguration und Visualisierung des Testvorganges CAN-Bus-Ethernet-Gateway Baugruppentr\u00e4ger f\u00fcr 4 oder 8 Stromsenken-Einsch\u00fcbe mit Backplane und Zwangsk\u00fchlung In der Regel liefern wir betriebsbereite Testsysteme aus. Falls jedoch eine mechanische und datentechnische Integration in [&hellip;]","og_url":"https:\/\/www.primuselectronic.de\/index.php\/einzelkomponenten\/","og_site_name":"Primus Electronic Systems","article_modified_time":"2020-08-07T15:08:23+00:00","og_image":[{"url":"https:\/\/www.primuselectronic.de\/wp-content\/uploads\/2020\/07\/AD_V1.gif","type":"","width":"","height":""}],"twitter_card":"summary_large_image","schema":{"@context":"https:\/\/schema.org","@graph":[{"@type":"WebPage","@id":"https:\/\/www.primuselectronic.de\/index.php\/einzelkomponenten\/","url":"https:\/\/www.primuselectronic.de\/index.php\/einzelkomponenten\/","name":"Einzelkomponenten - Primus Electronic Systems","isPartOf":{"@id":"https:\/\/www.primuselectronic.de\/#website"},"primaryImageOfPage":{"@id":"https:\/\/www.primuselectronic.de\/index.php\/einzelkomponenten\/#primaryimage"},"image":{"@id":"https:\/\/www.primuselectronic.de\/index.php\/einzelkomponenten\/#primaryimage"},"thumbnailUrl":"https:\/\/www.primuselectronic.de\/wp-content\/uploads\/2020\/07\/AD_V1.gif","datePublished":"2020-07-17T17:31:20+00:00","dateModified":"2020-08-07T15:08:23+00:00","breadcrumb":{"@id":"https:\/\/www.primuselectronic.de\/index.php\/einzelkomponenten\/#breadcrumb"},"inLanguage":"de","potentialAction":[{"@type":"ReadAction","target":["https:\/\/www.primuselectronic.de\/index.php\/einzelkomponenten\/"]}]},{"@type":"ImageObject","inLanguage":"de","@id":"https:\/\/www.primuselectronic.de\/index.php\/einzelkomponenten\/#primaryimage","url":"https:\/\/www.primuselectronic.de\/wp-content\/uploads\/2020\/07\/AD_V1.gif","contentUrl":"https:\/\/www.primuselectronic.de\/wp-content\/uploads\/2020\/07\/AD_V1.gif","width":635,"height":436},{"@type":"BreadcrumbList","@id":"https:\/\/www.primuselectronic.de\/index.php\/einzelkomponenten\/#breadcrumb","itemListElement":[{"@type":"ListItem","position":1,"name":"Home","item":"https:\/\/www.primuselectronic.de\/"},{"@type":"ListItem","position":2,"name":"Einzelkomponenten"}]},{"@type":"WebSite","@id":"https:\/\/www.primuselectronic.de\/#website","url":"https:\/\/www.primuselectronic.de\/","name":"Primus Electronic Systems","description":"R\u00fcckspeisef\u00e4hige elektronische Lasten","publisher":{"@id":"https:\/\/www.primuselectronic.de\/#organization"},"potentialAction":[{"@type":"SearchAction","target":{"@type":"EntryPoint","urlTemplate":"https:\/\/www.primuselectronic.de\/?s={search_term_string}"},"query-input":{"@type":"PropertyValueSpecification","valueRequired":true,"valueName":"search_term_string"}}],"inLanguage":"de"},{"@type":"Organization","@id":"https:\/\/www.primuselectronic.de\/#organization","name":"Primus Electronic Systems","url":"https:\/\/www.primuselectronic.de\/","logo":{"@type":"ImageObject","inLanguage":"de","@id":"https:\/\/www.primuselectronic.de\/#\/schema\/logo\/image\/","url":"https:\/\/www.primuselectronic.de\/wp-content\/uploads\/2020\/07\/primuslogo.png","contentUrl":"https:\/\/www.primuselectronic.de\/wp-content\/uploads\/2020\/07\/primuslogo.png","width":150,"height":63,"caption":"Primus Electronic Systems"},"image":{"@id":"https:\/\/www.primuselectronic.de\/#\/schema\/logo\/image\/"}}]}},"_links":{"self":[{"href":"https:\/\/www.primuselectronic.de\/index.php\/wp-json\/wp\/v2\/pages\/56","targetHints":{"allow":["GET"]}}],"collection":[{"href":"https:\/\/www.primuselectronic.de\/index.php\/wp-json\/wp\/v2\/pages"}],"about":[{"href":"https:\/\/www.primuselectronic.de\/index.php\/wp-json\/wp\/v2\/types\/page"}],"author":[{"embeddable":true,"href":"https:\/\/www.primuselectronic.de\/index.php\/wp-json\/wp\/v2\/users\/2"}],"replies":[{"embeddable":true,"href":"https:\/\/www.primuselectronic.de\/index.php\/wp-json\/wp\/v2\/comments?post=56"}],"version-history":[{"count":10,"href":"https:\/\/www.primuselectronic.de\/index.php\/wp-json\/wp\/v2\/pages\/56\/revisions"}],"predecessor-version":[{"id":163,"href":"https:\/\/www.primuselectronic.de\/index.php\/wp-json\/wp\/v2\/pages\/56\/revisions\/163"}],"wp:attachment":[{"href":"https:\/\/www.primuselectronic.de\/index.php\/wp-json\/wp\/v2\/media?parent=56"}],"curies":[{"name":"wp","href":"https:\/\/api.w.org\/{rel}","templated":true}]}}